{"id":116,"date":"2020-07-24T09:58:19","date_gmt":"2020-07-24T07:58:19","guid":{"rendered":"http:\/\/www.solgrud.pl\/new\/?page_id=116"},"modified":"2023-07-20T11:34:09","modified_gmt":"2023-07-20T09:34:09","slug":"o-firmie","status":"publish","type":"page","link":"https:\/\/www.solgrud.pl\/new\/o-firmie\/","title":{"rendered":"O firmie"},"content":{"rendered":"<p>[et_pb_section fb_built=&#8221;1&#8243; fullwidth=&#8221;on&#8221; custom_padding_last_edited=&#8221;on|desktop&#8221; admin_label=&#8221;25 lat do\u015bwiadczenia&#8221; _builder_version=&#8221;3.22.3&#8243; custom_padding_tablet=&#8221;50px|0|50px|0&#8243; transparent_background=&#8221;off&#8221; padding_mobile=&#8221;off&#8221; make_fullwidth=&#8221;off&#8221; use_custom_width=&#8221;off&#8221; width_unit=&#8221;on&#8221;][et_pb_fullwidth_header title=&#8221;Budujemy do\u015bwiadczenie od 1992 r. &#8221; text_orientation=&#8221;right&#8221; content_max_width=&#8221;none&#8221; admin_label=&#8221;Nag\u0142\u00f3wek pe\u0142nej szeroko\u015bci&#8221; _builder_version=&#8221;3.25.4&#8243; title_level=&#8221;h2&#8243; title_font=&#8221;||||||||&#8221; background_color=&#8221;#0c71c3&#8243; background_image=&#8221;https:\/\/www.solgrud.pl\/new\/wp-content\/uploads\/2020\/01\/DSC_0017-kopia.jpg&#8221; parallax=&#8221;on&#8221; parallax_method=&#8221;on&#8221; background_url=&#8221;https:\/\/www.solgrud.pl\/new\/wp-content\/uploads\/2017\/04\/a_1obraz-001.jpg&#8221; button_one_letter_spacing_hover=&#8221;0&#8243; button_two_letter_spacing_hover=&#8221;0&#8243; button_one_text_size__hover_enabled=&#8221;off&#8221; button_two_text_size__hover_enabled=&#8221;off&#8221; button_one_text_color__hover_enabled=&#8221;off&#8221; button_two_text_color__hover_enabled=&#8221;off&#8221; button_one_border_width__hover_enabled=&#8221;off&#8221; button_two_border_width__hover_enabled=&#8221;off&#8221; button_one_border_color__hover_enabled=&#8221;off&#8221; button_two_border_color__hover_enabled=&#8221;off&#8221; button_one_border_radius__hover_enabled=&#8221;off&#8221; button_two_border_radius__hover_enabled=&#8221;off&#8221; button_one_letter_spacing__hover_enabled=&#8221;on&#8221; button_one_letter_spacing__hover=&#8221;0&#8243; button_two_letter_spacing__hover_enabled=&#8221;on&#8221; button_two_letter_spacing__hover=&#8221;0&#8243; button_one_bg_color__hover_enabled=&#8221;off&#8221; button_two_bg_color__hover_enabled=&#8221;off&#8221;][\/et_pb_fullwidth_header][\/et_pb_section][et_pb_section fb_built=&#8221;1&#8243; custom_padding_last_edited=&#8221;on|desktop&#8221; admin_label=&#8221;section&#8221; _builder_version=&#8221;3.22.3&#8243; background_color=&#8221;#dbdbdb&#8221; custom_padding_tablet=&#8221;50px|0|50px|0&#8243; transparent_background=&#8221;off&#8221; padding_mobile=&#8221;off&#8221; make_fullwidth=&#8221;off&#8221; use_custom_width=&#8221;off&#8221; width_unit=&#8221;on&#8221;][et_pb_row admin_label=&#8221;Wiersz&#8221; _builder_version=&#8221;3.25&#8243; background_size=&#8221;initial&#8221; background_position=&#8221;top_left&#8221; background_repeat=&#8221;repeat&#8221;][et_pb_column type=&#8221;4_4&#8243; _builder_version=&#8221;3.25&#8243; custom_padding=&#8221;|||&#8221; custom_padding__hover=&#8221;|||&#8221;][et_pb_text admin_label=&#8221;Tekst&#8221; _builder_version=&#8221;3.0.87&#8243; background_size=&#8221;initial&#8221; background_position=&#8221;top_left&#8221; background_repeat=&#8221;repeat&#8221; use_border_color=&#8221;off&#8221; border_color=&#8221;#ffffff&#8221; border_style=&#8221;solid&#8221;]<\/p>\n<h1>O firmie<\/h1>\n<p>[\/et_pb_text][\/et_pb_column][\/et_pb_row][et_pb_row admin_label=&#8221;Wiersz&#8221; _builder_version=&#8221;3.25&#8243; background_size=&#8221;initial&#8221; background_position=&#8221;top_left&#8221; background_repeat=&#8221;repeat&#8221;][et_pb_column type=&#8221;4_4&#8243; _builder_version=&#8221;3.25&#8243; custom_padding=&#8221;|||&#8221; custom_padding__hover=&#8221;|||&#8221;][et_pb_text admin_label=&#8221;Tekst&#8221; _builder_version=&#8221;3.0.87&#8243; background_size=&#8221;initial&#8221; background_position=&#8221;top_left&#8221; background_repeat=&#8221;repeat&#8221; text_orientation=&#8221;justified&#8221; use_border_color=&#8221;off&#8221; border_color=&#8221;#ffffff&#8221; border_style=&#8221;solid&#8221;]<\/p>\n<p><strong>W chwili obecnej stanowimy grup\u0119 kapita\u0142ow\u0105, kt\u00f3r\u0105 tworz\u0105 dwie sp\u00f3\u0142ki z ograniczon\u0105 odpowiedzialno\u015bci\u0105:<\/strong><\/p>\n<p><strong>Przedsi\u0119biorstwo <\/strong><strong>SOLGRUD<\/strong><strong>, b\u0119d\u0105ce sp\u00f3\u0142k\u0105 dominuj\u0105c\u0105 oraz\u00a0 sp\u00f3\u0142ka zale\u017cna: Przedsi\u0119biorstwo Remontowo \u2013 Monta\u017cowe <\/strong><strong>TASKOMONT-3<\/strong><strong>.<\/strong><\/p>\n<p>[\/et_pb_text][\/et_pb_column][\/et_pb_row][et_pb_row column_structure=&#8221;1_2,1_2&#8243; admin_label=&#8221;Wiersz&#8221; _builder_version=&#8221;3.25&#8243; background_size=&#8221;initial&#8221; background_position=&#8221;top_left&#8221; background_repeat=&#8221;repeat&#8221;][et_pb_column type=&#8221;1_2&#8243; _builder_version=&#8221;3.25&#8243; custom_padding=&#8221;|||&#8221; custom_padding__hover=&#8221;|||&#8221;][et_pb_image src=&#8221;https:\/\/www.solgrud.pl\/new\/wp-content\/uploads\/2020\/05\/IMG_20200521_132158.jpg&#8221; force_fullwidth=&#8221;on&#8221; align_tablet=&#8221;center&#8221; align_last_edited=&#8221;on|desktop&#8221; admin_label=&#8221;Obraz&#8221; _builder_version=&#8221;3.25.4&#8243; border_color_all=&#8221;rgba(0,0,0,0)&#8221; border_style_all=&#8221;outset&#8221; animation_direction=&#8221;left&#8221; use_border_color=&#8221;on&#8221; border_color=&#8221;#93130e&#8221; border_width=&#8221;3px&#8221; border_style=&#8221;outset&#8221; animation=&#8221;left&#8221; sticky=&#8221;off&#8221; always_center_on_mobile=&#8221;on&#8221;][\/et_pb_image][\/et_pb_column][et_pb_column type=&#8221;1_2&#8243; _builder_version=&#8221;3.25&#8243; custom_padding=&#8221;|||&#8221; custom_padding__hover=&#8221;|||&#8221;][et_pb_divider show_divider=&#8221;off&#8221; disabled_on=&#8221;on|on|off&#8221; admin_label=&#8221;Separator&#8221; _builder_version=&#8221;3.23.4&#8243; height=&#8221;40px&#8221; hide_on_mobile=&#8221;on&#8221;][\/et_pb_divider][et_pb_blurb image_max_width=&#8221;none&#8221; admin_label=&#8221;Notka&#8221; _builder_version=&#8221;3.0.87&#8243; background_size=&#8221;initial&#8221; background_position=&#8221;top_left&#8221; background_repeat=&#8221;repeat&#8221; text_orientation=&#8221;justified&#8221; use_border_color=&#8221;off&#8221; border_color=&#8221;#ffffff&#8221; border_style=&#8221;solid&#8221;]Przedsi\u0119biorstwo SOLGRUD jest generalnym wykonawc\u0105 wielkokubaturowych obiekt\u00f3w budowlanych, wykonawc\u0105 konstrukcji \u017celbetowych, producentem stolarki aluminiowej i przeciwpo\u017carowej oraz developerem.<\/p>\n<p>W trakcie prowadzonej dzia\u0142alno\u015bci wybudowali\u015bmy dziesi\u0105tki obiekt\u00f3w, w&nbsp;tym: hal sportowych i przemys\u0142owych, budynk\u00f3w mieszkalnych wielorodzinnych, budynk\u00f3w biurowych oraz konstrukcji \u017celbetowych.<br \/>\n[\/et_pb_blurb][\/et_pb_column][\/et_pb_row][et_pb_row column_structure=&#8221;1_2,1_2&#8243; admin_label=&#8221;Wiersz&#8221; _builder_version=&#8221;3.25&#8243; background_size=&#8221;initial&#8221; background_position=&#8221;top_left&#8221; background_repeat=&#8221;repeat&#8221;][et_pb_column type=&#8221;1_2&#8243; _builder_version=&#8221;3.25&#8243; custom_padding=&#8221;|||&#8221; custom_padding__hover=&#8221;|||&#8221;][et_pb_blurb image_max_width=&#8221;none&#8221; admin_label=&#8221;Notka&#8221; _builder_version=&#8221;3.0.87&#8243; background_size=&#8221;initial&#8221; background_position=&#8221;top_left&#8221; background_repeat=&#8221;repeat&#8221; text_orientation=&#8221;justified&#8221; use_border_color=&#8221;off&#8221; border_color=&#8221;#ffffff&#8221; border_style=&#8221;solid&#8221;]Istniejemy na rynku od 1992 roku. W ramach dzia\u0142alno\u015bci ca\u0142ej grupy zatrudniamy 250 pracownik\u00f3w. Firma dysponuje wysoko wykwalifikowan\u0105 kadr\u0105 in\u017cyniersk\u0105 oraz pracownikami budowlanymi z du\u017cym do\u015bwiadczeniem zawodowym, nabytym na budowach w kraju i za granic\u0105.<\/p>\n<p align=\"right\"><em><strong>Z powa\u017caniem<\/strong><\/em><\/p>\n<p align=\"right\"><em><strong>Zarz\u0105d Przedsi\u0119biorstwa SOLGRUD Sp. z o.o<\/strong><\/em><\/p>\n<p>.<br \/>\n[\/et_pb_blurb][\/et_pb_column][et_pb_column type=&#8221;1_2&#8243; _builder_version=&#8221;3.25&#8243; custom_padding=&#8221;|||&#8221; custom_padding__hover=&#8221;|||&#8221;][et_pb_image src=&#8221;https:\/\/www.solgrud.pl\/new\/wp-content\/uploads\/2017\/04\/logo-Solgrud.png&#8221; align=&#8221;center&#8221; align_tablet=&#8221;center&#8221; align_last_edited=&#8221;on|desktop&#8221; admin_label=&#8221;Obraz&#8221; _builder_version=&#8221;3.25.4&#8243; animation_direction=&#8221;left&#8221; use_border_color=&#8221;off&#8221; border_color=&#8221;#ffffff&#8221; border_style=&#8221;solid&#8221; animation=&#8221;left&#8221; sticky=&#8221;off&#8221; always_center_on_mobile=&#8221;on&#8221;][\/et_pb_image][\/et_pb_column][\/et_pb_row][\/et_pb_section]<\/p>\n","protected":false},"excerpt":{"rendered":"<p>[et_pb_section fb_built=&#8221;1&#8243; fullwidth=&#8221;on&#8221; custom_padding_last_edited=&#8221;on|desktop&#8221; admin_label=&#8221;25 lat do\u015bwiadczenia&#8221; _builder_version=&#8221;3.22.3&#8243; custom_padding_tablet=&#8221;50px|0|50px|0&#8243; transparent_background=&#8221;off&#8221; padding_mobile=&#8221;off&#8221; make_fullwidth=&#8221;off&#8221; use_custom_width=&#8221;off&#8221; width_unit=&#8221;on&#8221;][et_pb_fullwidth_header title=&#8221;Budujemy do\u015bwiadczenie od 1992 r. &#8221; text_orientation=&#8221;right&#8221; content_max_width=&#8221;none&#8221; admin_label=&#8221;Nag\u0142\u00f3wek pe\u0142nej szeroko\u015bci&#8221; _builder_version=&#8221;3.25.4&#8243; title_level=&#8221;h2&#8243; title_font=&#8221;||||||||&#8221; background_color=&#8221;#0c71c3&#8243; background_image=&#8221;https:\/\/www.solgrud.pl\/new\/wp-content\/uploads\/2020\/01\/DSC_0017-kopia.jpg&#8221; parallax=&#8221;on&#8221; parallax_method=&#8221;on&#8221; background_url=&#8221;https:\/\/www.solgrud.pl\/new\/wp-content\/uploads\/2017\/04\/a_1obraz-001.jpg&#8221; button_one_letter_spacing_hover=&#8221;0&#8243; button_two_letter_spacing_hover=&#8221;0&#8243; button_one_text_size__hover_enabled=&#8221;off&#8221; button_two_text_size__hover_enabled=&#8221;off&#8221; button_one_text_color__hover_enabled=&#8221;off&#8221; button_two_text_color__hover_enabled=&#8221;off&#8221; button_one_border_width__hover_enabled=&#8221;off&#8221; button_two_border_width__hover_enabled=&#8221;off&#8221; button_one_border_color__hover_enabled=&#8221;off&#8221; button_two_border_color__hover_enabled=&#8221;off&#8221; button_one_border_radius__hover_enabled=&#8221;off&#8221; button_two_border_radius__hover_enabled=&#8221;off&#8221; button_one_letter_spacing__hover_enabled=&#8221;on&#8221; button_one_letter_spacing__hover=&#8221;0&#8243; button_two_letter_spacing__hover_enabled=&#8221;on&#8221; button_two_letter_spacing__hover=&#8221;0&#8243; button_one_bg_color__hover_enabled=&#8221;off&#8221; button_two_bg_color__hover_enabled=&#8221;off&#8221;][\/et_pb_fullwidth_header][\/et_pb_section][et_pb_section fb_built=&#8221;1&#8243; custom_padding_last_edited=&#8221;on|desktop&#8221; admin_label=&#8221;section&#8221; _builder_version=&#8221;3.22.3&#8243; [&hellip;]<\/p>\n","protected":false},"author":4,"featured_media":0,"parent":0,"menu_order":0,"comment_status":"closed","ping_status":"closed","template":"","meta":{"_et_pb_use_builder":"on","_et_pb_old_content":"","footnotes":""},"aioseo_notices":[],"_links":{"self":[{"href":"https:\/\/www.solgrud.pl\/new\/wp-json\/wp\/v2\/pages\/116"}],"collection":[{"href":"https:\/\/www.solgrud.pl\/new\/wp-json\/wp\/v2\/pages"}],"about":[{"href":"https:\/\/www.solgrud.pl\/new\/wp-json\/wp\/v2\/types\/page"}],"author":[{"embeddable":true,"href":"https:\/\/www.solgrud.pl\/new\/wp-json\/wp\/v2\/users\/4"}],"replies":[{"embeddable":true,"href":"https:\/\/www.solgrud.pl\/new\/wp-json\/wp\/v2\/comments?post=116"}],"version-history":[{"count":38,"href":"https:\/\/www.solgrud.pl\/new\/wp-json\/wp\/v2\/pages\/116\/revisions"}],"predecessor-version":[{"id":30415,"href":"https:\/\/www.solgrud.pl\/new\/wp-json\/wp\/v2\/pages\/116\/revisions\/30415"}],"wp:attachment":[{"href":"https:\/\/www.solgrud.pl\/new\/wp-json\/wp\/v2\/media?parent=116"}],"curies":[{"name":"wp","href":"https:\/\/api.w.org\/{rel}","templated":true}]}}