{"id":216,"date":"2020-07-24T09:56:20","date_gmt":"2020-07-24T07:56:20","guid":{"rendered":"http:\/\/www.solgrud.pl\/new\/?page_id=216"},"modified":"2021-10-13T07:51:23","modified_gmt":"2021-10-13T05:51:23","slug":"referencje","status":"publish","type":"page","link":"https:\/\/www.solgrud.pl\/new\/referencje\/","title":{"rendered":"Referencje"},"content":{"rendered":"<p>[et_pb_section fb_built=&#8221;1&#8243; fullwidth=&#8221;on&#8221; custom_padding_last_edited=&#8221;on|desktop&#8221; admin_label=&#8221;25 lat do\u015bwiadczenia&#8221; _builder_version=&#8221;3.22.3&#8243; custom_padding_tablet=&#8221;50px|0|50px|0&#8243; transparent_background=&#8221;off&#8221; padding_mobile=&#8221;off&#8221; make_fullwidth=&#8221;off&#8221; use_custom_width=&#8221;off&#8221; width_unit=&#8221;on&#8221;][et_pb_fullwidth_header title=&#8221;Budujemy do\u015bwiadczenie od 1992 r. &#8221; text_orientation=&#8221;right&#8221; content_max_width=&#8221;none&#8221; admin_label=&#8221;Nag\u0142\u00f3wek pe\u0142nej szeroko\u015bci&#8221; _builder_version=&#8221;3.25.4&#8243; title_font=&#8221;||||||||&#8221; background_color=&#8221;#0c71c3&#8243; background_image=&#8221;https:\/\/www.solgrud.pl\/new\/wp-content\/uploads\/2020\/01\/DSC_0017-kopia.jpg&#8221; parallax=&#8221;on&#8221; parallax_method=&#8221;on&#8221; background_url=&#8221;https:\/\/www.solgrud.pl\/new\/wp-content\/uploads\/2017\/04\/a_1obraz-001.jpg&#8221; button_one_letter_spacing_hover=&#8221;0&#8243; button_two_letter_spacing_hover=&#8221;0&#8243; button_one_text_size__hover_enabled=&#8221;off&#8221; button_two_text_size__hover_enabled=&#8221;off&#8221; button_one_text_color__hover_enabled=&#8221;off&#8221; button_two_text_color__hover_enabled=&#8221;off&#8221; button_one_border_width__hover_enabled=&#8221;off&#8221; button_two_border_width__hover_enabled=&#8221;off&#8221; button_one_border_color__hover_enabled=&#8221;off&#8221; button_two_border_color__hover_enabled=&#8221;off&#8221; button_one_border_radius__hover_enabled=&#8221;off&#8221; button_two_border_radius__hover_enabled=&#8221;off&#8221; button_one_letter_spacing__hover_enabled=&#8221;on&#8221; button_one_letter_spacing__hover=&#8221;0&#8243; button_two_letter_spacing__hover_enabled=&#8221;on&#8221; button_two_letter_spacing__hover=&#8221;0&#8243; button_one_bg_color__hover_enabled=&#8221;off&#8221; button_two_bg_color__hover_enabled=&#8221;off&#8221;][\/et_pb_fullwidth_header][\/et_pb_section][et_pb_section fb_built=&#8221;1&#8243; custom_padding_last_edited=&#8221;on|desktop&#8221; admin_label=&#8221;section&#8221; _builder_version=&#8221;3.22.3&#8243; background_color=&#8221;#dbdbdb&#8221; custom_padding_tablet=&#8221;50px|0|50px|0&#8243; transparent_background=&#8221;off&#8221; padding_mobile=&#8221;off&#8221; make_fullwidth=&#8221;off&#8221; use_custom_width=&#8221;off&#8221; width_unit=&#8221;on&#8221;][et_pb_row admin_label=&#8221;Wiersz&#8221; _builder_version=&#8221;3.25&#8243; background_size=&#8221;initial&#8221; background_position=&#8221;top_left&#8221; background_repeat=&#8221;repeat&#8221;][et_pb_column type=&#8221;4_4&#8243; _builder_version=&#8221;3.25&#8243; custom_padding=&#8221;|||&#8221; custom_padding__hover=&#8221;|||&#8221;][et_pb_text admin_label=&#8221;Tekst&#8221; _builder_version=&#8221;3.0.87&#8243; background_size=&#8221;initial&#8221; background_position=&#8221;top_left&#8221; background_repeat=&#8221;repeat&#8221; use_border_color=&#8221;off&#8221; border_color=&#8221;#ffffff&#8221; border_style=&#8221;solid&#8221;]<\/p>\n<h1>Referencje<\/h1>\n<p>[\/et_pb_text][\/et_pb_column][\/et_pb_row][et_pb_row admin_label=&#8221;row&#8221; _builder_version=&#8221;3.25&#8243; background_size=&#8221;initial&#8221; background_position=&#8221;top_left&#8221; background_repeat=&#8221;repeat&#8221;][et_pb_column type=&#8221;4_4&#8243; _builder_version=&#8221;3.25&#8243; custom_padding=&#8221;|||&#8221; custom_padding__hover=&#8221;|||&#8221;][et_pb_text admin_label=&#8221;Tekst&#8221; _builder_version=&#8221;3.0.87&#8243; background_size=&#8221;initial&#8221; background_position=&#8221;top_left&#8221; background_repeat=&#8221;repeat&#8221; use_border_color=&#8221;off&#8221; border_color=&#8221;#ffffff&#8221; border_style=&#8221;solid&#8221;]<strong>INWESTOR &#8211; Urz\u0105d\u00a0 Miejski\u00a0 w\u00a0 Grudzi\u0105dzu<\/strong><\/p>\n<ul>\n<li>Przychodnia Zdrowia przy ul. Klasztornej 9\/11 w Grudzi\u0105dzu o kubat. 6 800 m3<\/li>\n<li>Zbiornik wody pitnej o poj. V = 2000 m3 w Gudzi\u0105dzu dla miasta Grudzi\u0105dza<\/li>\n<li>Adaptacja i modernizacja budynku by\u0142ej przychodni zdrowia na Izb\u0119 Wytrze\u017awie\u0144 w Grudzi\u0105dzu przy ul. Wary\u0144skiego<\/li>\n<li>Budynek komunalny na os. \u201eRz\u0105dz\u201d w Grudzi\u0105dzu<\/li>\n<li>Sala widowiskowo-sportowa os. \u201eLotnisko\u201d w Grudzi\u0105dzu<\/li>\n<li>Modernizacja przepompowni \u015bciek\u00f3w w Grudzi\u0105dzu<\/li>\n<li>Budowa Terminala Celnego w\u00a0 Bia\u0142ym Borze\u00a0 k\/Grudzi\u0105dza<\/li>\n<li>Adaptacja istniej\u0105cego obiektu pokoszarowego dla potrzeb budownictwa socjalnego\u00a0 przy ul. Kalinkowej 67 w Grudzi\u0105dzu<\/li>\n<\/ul>\n<p><strong>INWESTOR &#8211; Urz\u0105d\u00a0 Miejski\u00a0 w\u00a0 \u015awieciu<\/strong><\/p>\n<ul>\n<li>Rozbudowa Szko\u0142y Podstawowej w Grucznie<\/li>\n<li>Rozbudowa Szko\u0142y Podstawowej w Grucznie \u2013 II etap budowa Gimnazjum<\/li>\n<li>Budowa\u00a0 sali\u00a0 sportowej\u00a0 dla Szko\u0142y Podstawowej nr 7 w \u015awieciu n\/W<\/li>\n<li>Budowa budynku komunalnego w Wi\u0105gu<\/li>\n<li>Przebudowa Domu Kultury \u2013 Modernizacja sali kinowej w \u015awieciu n\/Wis\u0142\u0105<\/li>\n<\/ul>\n<p><strong>INWESTOR &#8211; Urz\u0105d\u00a0 Miejski\u00a0 w\u00a0 Che\u0142mnie<\/strong><\/p>\n<ul>\n<li>Sala gimnastyczna przy Szkole Podst. Nr 1 w Che\u0142mnie<\/li>\n<li>Europejskie Centrum Wymiany M\u0142odzie\u017cy nad Jez. Starogrodzkim w Che\u0142mnie<\/li>\n<\/ul>\n<p><strong>INWESTOR &#8211; Urz\u0105d\u00a0 Miejski\u00a0 w\u00a0 Che\u0142m\u017cy<\/strong><\/p>\n<ul>\n<li>Sala gimnastyczna dla Szk\u00f3\u0142 Podst. Nr 1 i 2 w Che\u0142m\u017cy<\/li>\n<\/ul>\n<p><strong>INWESTOR &#8211; Sp\u00f3\u0142dzielnia Mieszkaniowa \u201eDom Marze\u0144\u201d Grudzi\u0105dz<\/strong><\/p>\n<ul>\n<li>Budynek mieszkalny przy ul. Kulerskiego 20 w Gudzi\u0105dzu &#8211; II etap<\/li>\n<li>Budynek mieszkalny przy ul. Kulerskiego 20 w Grudzi\u0105dzu &#8211; III etap budowy<\/li>\n<li>Budynek mieszkalny ul. Kaszubska 70 Grudzi\u0105dz\u00a0 &#8211; Mniszek<\/li>\n<li>Budynek mieszkalny 48-rodz. przy ul. Kulerskiego 6 w Grudzi\u0105dzu<\/li>\n<li>Budynek biurowy przy ul. Kulerskiego w Grudzi\u0105dzu<\/li>\n<li>Budowa\u00a0 budynku mieszkalnego 48-rodz. w Grudzi\u0105dzu ul. Kulerskiego 2<\/li>\n<li>Modernizacja 4-ro kond. budynku mieszkalnego przy ul. Nadg\u00f3rnej 54 w Grudzi\u0105dzu<\/li>\n<li>Budynek mieszkalny 86-cio rodzinny w Grudzi\u0105dzu przy ul. Sikorskiego<\/li>\n<li>Modernizacja z przebudow\u0105 budynku mieszkalnego 65-cio rodzinnego przy ul. Kalinkowej 69 w Grudzi\u0105dzu<\/li>\n<li>Budynek 12-sto rodzinny ul. Kalinkowa 69B w Grudzi\u0105dzu<\/li>\n<li>Budynek 34-ro rodzinny ul. Kalinkowa 69A z gara\u017cami podziemnymi<\/li>\n<li>Budynek mieszkalny przy ul. Kulerskiego 20 I etap w Grudzi\u0105dzu<\/li>\n<li>Budynek mieszkalny przy ul. Che\u0142mi\u0144skiej 104 w Grudzi\u0105dzu<\/li>\n<\/ul>\n<p><strong>INWESTOR &#8211; Towarzystwo Budownictwa Spo\u0142ecznego w Sk\u00f3rczu<\/strong><\/p>\n<ul>\n<li>Budowa budynku mieszkalnego\u00a0 nr 102\u00a0 ul. Wojska Polskiego w Sk\u00f3rczu<\/li>\n<\/ul>\n<p><strong>INWESTOR &#8211; Towarzystwo Budownictwa Spo\u0142ecznego w Grudzi\u0105dzu<\/strong><\/p>\n<ul>\n<li>Budowa budynku mieszkalnego TBS przy ul. Kulerskiego\u00a0 w Grudzi\u0105dzu<\/li>\n<li>Budowa budynku TBS przy ul. Solnej w Grudzi\u0105dzu<\/li>\n<\/ul>\n<p><strong>INWESTOR &#8211; Towarzystwo Budownictwa Spo\u0142ecznego w W\u0105brze\u017anie<\/strong><\/p>\n<ul>\n<li>Budowa 2 budynk\u00f3w mieszkalnych oraz budynku 5-rodzinnego w W\u0105brze\u017anie<\/li>\n<\/ul>\n<p><strong>INWESTOR &#8211; Miejskie Przedsi\u0119biorstwo Gospodarki Nieruchomo\u015bciami\u00a0 Sp. z o.o.\u00a0 w Grudzi\u0105dzu<\/strong><\/p>\n<ul>\n<li>Adaptacja budynku pokoszarowego z przeznaczeniem na lokale mieszkalne\u00a0 przy\u00a0 ul. Zacisznej w Grudzi\u0105dzu.<\/li>\n<li>Budowa dw\u00f3ch budynk\u00f3w mieszkalnych na osiedlu \u00a0\u201eKapusta\u201d w Grudzi\u0105dzu<\/li>\n<\/ul>\n<p><strong>REALIZACJE DLA PRYWATNYCH INWESTOR\u00d3W<\/strong><\/p>\n<ul>\n<li>Dom Handlowy \u201eOrze\u0142\u201d w\u00a0 Grudzi\u0105dzu<\/li>\n<li>Budynek mieszkalny &#8211; jednorodzinny o pow.\u00a0 u\u017cytkowej 350 m2 przy ul. Jackowskiego w Grudzi\u0105dzu<\/li>\n<li>Kompleks budynk\u00f3w szeregowych przy ul. Zachodniej w Grudzi\u0105dzu<\/li>\n<li>Kompleks bud. jednorodzinnych przy ul. Konstytucji 3 Maja w Grudzi\u0105dzu<\/li>\n<li>Adaptacja budynku mieszkalnego ul. Kalinkowa 22 w Grudzi\u0105dzu<\/li>\n<li>Adaptacja i modernizacja budynku pokoszarowego przy ulicy Che\u0142mi\u0144skiej w Grudzi\u0105dzu na siedzib\u0119 Przedsi\u0119biorstwa<\/li>\n<li>Budynek\u00a0 mieszkalny 24-rodzinny\u00a0 w\u00a0 Kwidzynie<\/li>\n<\/ul>\n<p><strong>INWESTOR &#8211; Urz\u0105d\u00a0 Gminy\u00a0 w Papowie Biskupim<\/strong><\/p>\n<ul>\n<li>Sala gimnastyczna w Papowie Biskupim<\/li>\n<li>Budowa sali gimnastycznej z zapleczem socjalnym we wsi Zegartowice<\/li>\n<\/ul>\n<p><strong>INWESTOR &#8211; Urz\u0105d\u00a0 Gminy\u00a0 w Grucie<\/strong><\/p>\n<ul>\n<li>Dobudowa sali rekreacyjnej wraz z modernizacj\u0105 pawilonu Szko\u0142y Podst. w D\u0105br\u00f3wce Kr\u00f3lewskiej gm. Gruta Urz\u0105d\u00a0 Gminy\u00a0 w Kwidzynie<\/li>\n<li>Sala gimnastyczna z zapleczem socjalnym przy Szkole Podstawowej\u00a0 w Nowym Dworze k\/Kwidzyna<\/li>\n<\/ul>\n<p><strong>INWESTOR &#8211; Urz\u0105d\u00a0 Gminy\u00a0 w Kijewie Kr\u00f3lewskim<\/strong><\/p>\n<ul>\n<li>Sala gimnastyczna\u00a0 &#8211; Kijewo Kr\u00f3lewskie<\/li>\n<\/ul>\n<p><strong>INWESTOR &#8211; Urz\u0105d\u00a0 Gminy\u00a0 w\u00a0 \u015awieciu n\/Os\u0105<\/strong><\/p>\n<ul>\n<li>Sala gimnastyczna\u00a0 &#8211; Szko\u0142a Linowo<\/li>\n<\/ul>\n<p><strong>INWESTOR &#8211; Browary Bydgoskie \u2013 Browar Grudzi\u0105dz<\/strong><\/p>\n<ul>\n<li>Remont wewn\u0119trznych dr\u00f3g zak\u0142adowych w Browarze\u00a0 Grudzi\u0105dz<\/li>\n<\/ul>\n<p><strong>INWESTOR &#8211; OPEC\u00a0 \u2013 Grudzi\u0105dz<\/strong><\/p>\n<ul>\n<li>OPEC Grudzi\u0105dz &#8211; budynek-hala turbozespo\u0142u z obiektem pomocniczym oraz fundamenty pod turbin\u0119 i transformator<\/li>\n<\/ul>\n<p><strong>INWESTOR &#8211; Celuloza w \u015awiecie nad Wis\u0142\u0105<\/strong><\/p>\n<ul>\n<li>CELULOZA w \u015awieciu n\/W &#8211; adaptacja pomieszcze\u0144\u00a0socjalnych<\/li>\n<\/ul>\n<p><strong>INWESTOR &#8211; Przedsi\u0119biorstwo Produkcyjno \u2013 Handlowe Visscher-Caravelle\u00a0Poland\u00a0 Sp. z o.o.\u00a0 w\u00a0 Grudzi\u0105dzu<\/strong><\/p>\n<ul>\n<li>Generalne wykonawstwo rob\u00f3t\u00a0 budowlanych Zak\u0142adu Visscher Caravelle\u00a0\u00a0 Poland\u00a0 Sp. z o.o. w Grudzi\u0105dzu<\/li>\n<\/ul>\n<p><strong>INWESTOR &#8211; Venture\u00a0 Industries Sp. z o.o. \u0141omianki-Kie\u0142pin Warszawa<\/strong><\/p>\n<ul>\n<li>Remont Hali Odlewni \u2013 przy ul. Lotniczej\u00a0 w Grudzi\u0105dzu<\/li>\n<li>Remont budynku energetyczno \u2013 technologicznego przy ul. Lotniczej w Grudzi\u0105dzu<\/li>\n<\/ul>\n<p><strong>INWESTOR &#8211; Zak\u0142ad Lacroix Electronics przy ul. Lotniczej 2 w Kwidzynie<\/strong><\/p>\n<ul>\n<li>Realizacja inwestycji budynku socjalnego na terenie zak\u0142adu Lacroix Electronics przy ul. Lotniczej 2 w Kwidzynie<\/li>\n<\/ul>\n<p><strong>INWESTOR &#8211; Zak\u0142ady Mi\u0119sne w Grudzi\u0105dzu<\/strong><\/p>\n<ul>\n<li>Modernizacja warzelni i w\u0119dzarni dla Zak\u0142ad\u00f3w Mi\u0119snych w Grudzi\u0105dzu<\/li>\n<\/ul>\n<p><strong>INWESTOR &#8211; Cukrownia Me\u0142no<\/strong><\/p>\n<ul>\n<li>Fundament pod zesp\u00f3\u0142 suchego roz\u0142adunku burak\u00f3w oraz pod piece wapiennicze dla Cukrowni Me\u0142no<\/li>\n<\/ul>\n<p><strong>INWESTOR &#8211; Agrometr Unia w Grudzi\u0105dzu<\/strong><\/p>\n<ul>\n<li>Fundamenty pod prasy \u201eAgromet-Unia\u201d w Grudzi\u0105dzu<\/li>\n<\/ul>\n<p><strong>INWESTOR &#8211; Biuro Us\u0142ug Inwestycyjno Budowlanych w \u0141odzi<\/strong><\/p>\n<ul>\n<li>Stacja benzynowa STATOIL w Grudzi\u0105dzu \u2013 roboty fundamentowe, wymiana gruntu<\/li>\n<\/ul>\n<p><strong>INWESTOR &#8211; STRABAG Sp. z o.o. Dyrekcja PP w Warszawie<\/strong><\/p>\n<ul>\n<li>Wykonanie rob\u00f3t \u017celbetowych na budowie Zak\u0142ad\u00f3w Mi\u0119snych w Osiu<\/li>\n<\/ul>\n<p><strong>INWESTOR &#8211; CFE Polska Sp. zo.o. w Warszawie<\/strong><\/p>\n<ul>\n<li>Wykonanie rob\u00f3t \u017celbetowych na budowie Centrum Handlowego E.LECLERC w Elbl\u0105gu<\/li>\n<\/ul>\n<p><strong>INWESTOR &#8211; Towarzystwo Ubezpieczeniowe i Reasekuracji WARTA SA<\/strong><\/p>\n<ul>\n<li>Remont lokalu przy ul. Pa\u0144skiej 13 TUiR \u201eWARTA\u201d oddzia\u0142 w Grudzi\u0105dzu<\/li>\n<\/ul>\n<p><strong>INWESTOR &#8211; Powszechny Zak\u0142ad Ubezpiecze\u0144 na \u017bycie S.A. Przedstawicielstwo w Grudzi\u0105dzu<\/strong><\/p>\n<ul>\n<li>Siedziba przedstawicielstwa PZU-\u017bycie SA o\/Grudzi\u0105dz przy ul. Pa\u0144skiej<\/li>\n<\/ul>\n<p><strong>INWESTOR &#8211; Miejski Klub Sportowy START w Grudzi\u0105dzu<\/strong><\/p>\n<ul>\n<li>K.S.N. \u201eStart\u201d &#8211; si\u0142ownia rehabilitacyjna<\/li>\n<li>Ocieplenie \u015bcian budynku socjalno &#8211; sanitarnego wraz z wymian\u0105 stolarki na PCV<\/li>\n<\/ul>\n<p><strong>INWESTOR &#8211; Parafia Rzymsko Katolicka Podwy\u017cszenia Krzy\u017ca \u015awi\u0119tego w Grudzi\u0105dzu<\/strong><\/p>\n<ul>\n<li>Modernizacja budynku \u201cInternatu M\u0142odzie\u017cy Wiejskiej im. Kardyna\u0142a Stefana Wyszy\u0144skiego\u201d w Grudzi\u0105dzu<\/li>\n<\/ul>\n<p><strong>INWESTOR &#8211; KS. Werbi\u015bci \u2013 G\u00f3rna Grupa<\/strong><\/p>\n<ul>\n<li>Remont Drukarni Ks. Werbist\u00f3w G\u00f3rna Grupa<\/li>\n<\/ul>\n<p><strong>INWESTOR &#8211; Urz\u0105d Skarbowy W\u0105brze\u017ano<\/strong><\/p>\n<ul>\n<li>Rozbudowa i modernizacja Urz\u0119du Skarbowego w W\u0105brze\u017anie<\/li>\n<\/ul>\n<p><strong>INWESTOR &#8211; Centrum Rozrywki SKALA w Grudzi\u0105dzu<\/strong><\/p>\n<ul>\n<li>Centrum Rozrywki \u201eSKALA\u201d w Grudzi\u0105dzu<\/li>\n<\/ul>\n<p><strong>INWESTOR &#8211; Real Grudzi\u0105dz<\/strong><\/p>\n<ul>\n<li>Centrum handlowe \u201eREAL\u201d w Grudzi\u0105dzu &#8211; stan zerowy<\/li>\n<\/ul>\n<p><strong>INWESTOR &#8211; Komenda Wojew\u00f3dzka Policji w Bydgoszczy<\/strong><\/p>\n<ul>\n<li>Roboty remontowo &#8211; modernizacyjne budynku g\u0142\u00f3wnego Komendy Miejskiej Policji w Grudzi\u0105dzu<\/li>\n<\/ul>\n<p><strong>INWESTOR &#8211; Budopol Bydgoszcz<\/strong><\/p>\n<ul>\n<li>Roboty budowlane na budowie Szpitala Miejskiego w Grudzi\u0105dzu<\/li>\n<\/ul>\n<p><strong>INWESTOR &#8211; Zak\u0142ad Ubezpiecze\u0144 Spo\u0142ecznych Oddzia\u0142 w Toruniu<\/strong><\/p>\n<ul>\n<li><strong>M<\/strong>odernizacja obiekt\u00f3w ZUS przy ul. Wybickiego w Grudzi\u0105dzu<\/li>\n<\/ul>\n<p><strong>INWESTOR &#8211; Bazy i Systemy Bankowe w Bydgoszczy<\/strong><\/p>\n<ul>\n<li>Przebudowa wej\u015bcia do budynku Bazy i Systemy Bankowe przy ul. Kasprzaka w Bydgoszczy<\/li>\n<\/ul>\n<p>[\/et_pb_text][\/et_pb_column][\/et_pb_row][\/et_pb_section]<\/p>\n","protected":false},"excerpt":{"rendered":"<p>[et_pb_section fb_built=&#8221;1&#8243; fullwidth=&#8221;on&#8221; custom_padding_last_edited=&#8221;on|desktop&#8221; admin_label=&#8221;25 lat do\u015bwiadczenia&#8221; _builder_version=&#8221;3.22.3&#8243; custom_padding_tablet=&#8221;50px|0|50px|0&#8243; transparent_background=&#8221;off&#8221; padding_mobile=&#8221;off&#8221; make_fullwidth=&#8221;off&#8221; use_custom_width=&#8221;off&#8221; width_unit=&#8221;on&#8221;][et_pb_fullwidth_header title=&#8221;Budujemy do\u015bwiadczenie od 1992 r. &#8221; text_orientation=&#8221;right&#8221; content_max_width=&#8221;none&#8221; admin_label=&#8221;Nag\u0142\u00f3wek pe\u0142nej szeroko\u015bci&#8221; _builder_version=&#8221;3.25.4&#8243; title_font=&#8221;||||||||&#8221; background_color=&#8221;#0c71c3&#8243; background_image=&#8221;https:\/\/www.solgrud.pl\/new\/wp-content\/uploads\/2020\/01\/DSC_0017-kopia.jpg&#8221; parallax=&#8221;on&#8221; parallax_method=&#8221;on&#8221; background_url=&#8221;https:\/\/www.solgrud.pl\/new\/wp-content\/uploads\/2017\/04\/a_1obraz-001.jpg&#8221; button_one_letter_spacing_hover=&#8221;0&#8243; button_two_letter_spacing_hover=&#8221;0&#8243; button_one_text_size__hover_enabled=&#8221;off&#8221; button_two_text_size__hover_enabled=&#8221;off&#8221; button_one_text_color__hover_enabled=&#8221;off&#8221; button_two_text_color__hover_enabled=&#8221;off&#8221; button_one_border_width__hover_enabled=&#8221;off&#8221; button_two_border_width__hover_enabled=&#8221;off&#8221; button_one_border_color__hover_enabled=&#8221;off&#8221; button_two_border_color__hover_enabled=&#8221;off&#8221; button_one_border_radius__hover_enabled=&#8221;off&#8221; button_two_border_radius__hover_enabled=&#8221;off&#8221; button_one_letter_spacing__hover_enabled=&#8221;on&#8221; button_one_letter_spacing__hover=&#8221;0&#8243; button_two_letter_spacing__hover_enabled=&#8221;on&#8221; button_two_letter_spacing__hover=&#8221;0&#8243; button_one_bg_color__hover_enabled=&#8221;off&#8221; button_two_bg_color__hover_enabled=&#8221;off&#8221;][\/et_pb_fullwidth_header][\/et_pb_section][et_pb_section fb_built=&#8221;1&#8243; custom_padding_last_edited=&#8221;on|desktop&#8221; admin_label=&#8221;section&#8221; _builder_version=&#8221;3.22.3&#8243; background_color=&#8221;#dbdbdb&#8221; [&hellip;]<\/p>\n","protected":false},"author":4,"featured_media":0,"parent":0,"menu_order":0,"comment_status":"closed","ping_status":"closed","template":"","meta":{"_et_pb_use_builder":"on","_et_pb_old_content":"","footnotes":""},"aioseo_notices":[],"_links":{"self":[{"href":"https:\/\/www.solgrud.pl\/new\/wp-json\/wp\/v2\/pages\/216"}],"collection":[{"href":"https:\/\/www.solgrud.pl\/new\/wp-json\/wp\/v2\/pages"}],"about":[{"href":"https:\/\/www.solgrud.pl\/new\/wp-json\/wp\/v2\/types\/page"}],"author":[{"embeddable":true,"href":"https:\/\/www.solgrud.pl\/new\/wp-json\/wp\/v2\/users\/4"}],"replies":[{"embeddable":true,"href":"https:\/\/www.solgrud.pl\/new\/wp-json\/wp\/v2\/comments?post=216"}],"version-history":[{"count":10,"href":"https:\/\/www.solgrud.pl\/new\/wp-json\/wp\/v2\/pages\/216\/revisions"}],"predecessor-version":[{"id":28555,"href":"https:\/\/www.solgrud.pl\/new\/wp-json\/wp\/v2\/pages\/216\/revisions\/28555"}],"wp:attachment":[{"href":"https:\/\/www.solgrud.pl\/new\/wp-json\/wp\/v2\/media?parent=216"}],"curies":[{"name":"wp","href":"https:\/\/api.w.org\/{rel}","templated":true}]}}