{"id":27565,"date":"2020-07-24T14:33:45","date_gmt":"2020-07-24T12:33:45","guid":{"rendered":"http:\/\/www.solgrud.pl\/new\/?page_id=27565"},"modified":"2021-10-13T07:44:52","modified_gmt":"2021-10-13T05:44:52","slug":"generalny-wykonawca-wielkokubaturowych-obiektow-budowlanych-2","status":"publish","type":"page","link":"https:\/\/www.solgrud.pl\/new\/generalny-wykonawca-wielkokubaturowych-obiektow-budowlanych-2\/","title":{"rendered":"Generalny wykonawca wielkokubaturowych obiekt\u00f3w budowlanych"},"content":{"rendered":"<p>[et_pb_section fb_built=&#8221;1&#8243; fullwidth=&#8221;on&#8221; custom_padding_last_edited=&#8221;on|desktop&#8221; admin_label=&#8221;RODO&#8221; _builder_version=&#8221;3.22.3&#8243; custom_padding_tablet=&#8221;50px|0|50px|0&#8243; transparent_background=&#8221;off&#8221; padding_mobile=&#8221;off&#8221; make_fullwidth=&#8221;off&#8221; use_custom_width=&#8221;off&#8221; width_unit=&#8221;on&#8221;][et_pb_fullwidth_header title=&#8221;Budujemy do\u015bwiadczenie od 1992 r. &#8221; text_orientation=&#8221;right&#8221; content_max_width=&#8221;none&#8221; admin_label=&#8221;Nag\u0142\u00f3wek pe\u0142nej szeroko\u015bci&#8221; _builder_version=&#8221;3.25.4&#8243; title_level=&#8221;h2&#8243; title_font=&#8221;||||||||&#8221; background_color=&#8221;#0c71c3&#8243; background_image=&#8221;https:\/\/www.solgrud.pl\/new\/wp-content\/uploads\/2020\/01\/DSC_0017-kopia.jpg&#8221; parallax=&#8221;on&#8221; parallax_method=&#8221;on&#8221; background_url=&#8221;https:\/\/www.solgrud.pl\/new\/wp-content\/uploads\/2017\/04\/a_1obraz-001.jpg&#8221; button_one_letter_spacing_hover=&#8221;0&#8243; button_two_letter_spacing_hover=&#8221;0&#8243; button_one_text_size__hover_enabled=&#8221;off&#8221; button_two_text_size__hover_enabled=&#8221;off&#8221; button_one_text_color__hover_enabled=&#8221;off&#8221; button_two_text_color__hover_enabled=&#8221;off&#8221; button_one_border_width__hover_enabled=&#8221;off&#8221; button_two_border_width__hover_enabled=&#8221;off&#8221; button_one_border_color__hover_enabled=&#8221;off&#8221; button_two_border_color__hover_enabled=&#8221;off&#8221; button_one_border_radius__hover_enabled=&#8221;off&#8221; button_two_border_radius__hover_enabled=&#8221;off&#8221; button_one_letter_spacing__hover_enabled=&#8221;on&#8221; button_one_letter_spacing__hover=&#8221;0&#8243; button_two_letter_spacing__hover_enabled=&#8221;on&#8221; button_two_letter_spacing__hover=&#8221;0&#8243; button_one_bg_color__hover_enabled=&#8221;off&#8221; button_two_bg_color__hover_enabled=&#8221;off&#8221;][\/et_pb_fullwidth_header][\/et_pb_section][et_pb_section fb_built=&#8221;1&#8243; admin_label=&#8221;section&#8221; _builder_version=&#8221;3.25.4&#8243; background_color=&#8221;#e6e6e6&#8243;][et_pb_row admin_label=&#8221;row&#8221; _builder_version=&#8221;3.25&#8243; background_size=&#8221;initial&#8221; background_position=&#8221;top_left&#8221; background_repeat=&#8221;repeat&#8221;][et_pb_column type=&#8221;4_4&#8243; _builder_version=&#8221;3.25&#8243; custom_padding=&#8221;|||&#8221; custom_padding__hover=&#8221;|||&#8221;][et_pb_text admin_label=&#8221;Tekst&#8221; _builder_version=&#8221;3.25.4&#8243; background_size=&#8221;initial&#8221; background_position=&#8221;top_left&#8221; background_repeat=&#8221;repeat&#8221; custom_margin=&#8221;||-23px|||&#8221; use_border_color=&#8221;off&#8221; border_color=&#8221;#ffffff&#8221; border_style=&#8221;solid&#8221; inline_fonts=&#8221;raleway&#8221;]<\/p>\n<h4 style=\"text-align: justify;\"><span style=\"font-size: large;\"><span style=\"font-family: Arial;\">Generalny wykonawca wielkokubaturowych obiekt\u00f3w budowlanych <br \/><\/span><\/span><\/h4>\n<h2 style=\"text-align: center;\"><strong><span style=\"font-family: raleway;\">\u00a0<\/span><\/strong><\/h2>\n<p>[\/et_pb_text][\/et_pb_column][\/et_pb_row][et_pb_row column_structure=&#8221;1_2,1_2&#8243; custom_padding=&#8221;||0px|||&#8221; custom_margin=&#8221;-51px|auto||auto||&#8221; _builder_version=&#8221;3.25.4&#8243; min_height=&#8221;402px&#8221;][et_pb_column type=&#8221;1_2&#8243; _builder_version=&#8221;3.25.4&#8243;][et_pb_image src=&#8221;https:\/\/www.solgrud.pl\/new\/wp-content\/uploads\/2020\/01\/DSC_0024-kopia.jpg&#8221; _builder_version=&#8221;3.25.4&#8243; height=&#8221;298px&#8221;][\/et_pb_image][et_pb_button button_url=&#8221;https:\/\/www.solgrud.pl\/new\/obiekty-uzytecznosci-publicznej\/&#8221; button_text=&#8221;Obiekty u\u017cyteczno\u015bci publicznej &#8221; _builder_version=&#8221;3.25.4&#8243; custom_button=&#8221;on&#8221; button_text_color=&#8221;#0c71c3&#8243; button_border_color=&#8221;#0c71c3&#8243; button_font=&#8221;||||||||&#8221;][\/et_pb_button][\/et_pb_column][et_pb_column type=&#8221;1_2&#8243; _builder_version=&#8221;3.25.4&#8243;][et_pb_image src=&#8221;https:\/\/www.solgrud.pl\/new\/wp-content\/uploads\/2020\/07\/Obraz-002.jpg&#8221; _builder_version=&#8221;3.25.4&#8243;][\/et_pb_image][et_pb_button button_url=&#8221;https:\/\/www.solgrud.pl\/new\/obiekty-przemyslowe\/&#8221; button_text=&#8221;Obiekty przemys\u0142owe &#8221; _builder_version=&#8221;3.25.4&#8243; custom_button=&#8221;on&#8221; button_text_color=&#8221;#0c71c3&#8243; button_border_color=&#8221;#0c71c3&#8243; button_font=&#8221;||||||||&#8221;][\/et_pb_button][\/et_pb_column][\/et_pb_row][et_pb_row column_structure=&#8221;1_2,1_2&#8243; _builder_version=&#8221;3.25.4&#8243;][et_pb_column type=&#8221;1_2&#8243; _builder_version=&#8221;3.25.4&#8243;][et_pb_image src=&#8221;https:\/\/www.solgrud.pl\/new\/wp-content\/uploads\/2020\/05\/IMG-20200515-WA0000.jpg&#8221; _builder_version=&#8221;3.25.4&#8243; max_height=&#8221;339px&#8221;][\/et_pb_image][et_pb_button button_url=&#8221;https:\/\/www.solgrud.pl\/new\/budownictwo-mieszkaniowe\/&#8221; button_text=&#8221;Budownictwo mieszkaniowe &#8221; _builder_version=&#8221;3.25.4&#8243; custom_button=&#8221;on&#8221; button_text_color=&#8221;#0c71c3&#8243; button_border_color=&#8221;#0c71c3&#8243; button_font=&#8221;||||||||&#8221;][\/et_pb_button][\/et_pb_column][et_pb_column type=&#8221;1_2&#8243; _builder_version=&#8221;3.25.4&#8243;][et_pb_image src=&#8221;https:\/\/www.solgrud.pl\/new\/wp-content\/uploads\/2020\/05\/IMG_20200522_101050.jpg&#8221; _builder_version=&#8221;3.25.4&#8243; height=&#8221;340px&#8221;][\/et_pb_image][et_pb_button button_url=&#8221;https:\/\/www.solgrud.pl\/new\/realizacje-obiektow-zelbetonowych\/&#8221; button_text=&#8221;Obiekty \u017celbetowe &#8221; _builder_version=&#8221;3.25.4&#8243; custom_button=&#8221;on&#8221; button_text_color=&#8221;#0c71c3&#8243; button_border_color=&#8221;#0c71c3&#8243; button_font=&#8221;||||||||&#8221;][\/et_pb_button][\/et_pb_column][\/et_pb_row][\/et_pb_section]<\/p>\n","protected":false},"excerpt":{"rendered":"<p>[et_pb_section fb_built=&#8221;1&#8243; fullwidth=&#8221;on&#8221; custom_padding_last_edited=&#8221;on|desktop&#8221; admin_label=&#8221;RODO&#8221; _builder_version=&#8221;3.22.3&#8243; custom_padding_tablet=&#8221;50px|0|50px|0&#8243; transparent_background=&#8221;off&#8221; padding_mobile=&#8221;off&#8221; make_fullwidth=&#8221;off&#8221; use_custom_width=&#8221;off&#8221; width_unit=&#8221;on&#8221;][et_pb_fullwidth_header title=&#8221;Budujemy do\u015bwiadczenie od 1992 r. &#8221; text_orientation=&#8221;right&#8221; content_max_width=&#8221;none&#8221; admin_label=&#8221;Nag\u0142\u00f3wek pe\u0142nej szeroko\u015bci&#8221; _builder_version=&#8221;3.25.4&#8243; title_level=&#8221;h2&#8243; title_font=&#8221;||||||||&#8221; background_color=&#8221;#0c71c3&#8243; background_image=&#8221;https:\/\/www.solgrud.pl\/new\/wp-content\/uploads\/2020\/01\/DSC_0017-kopia.jpg&#8221; parallax=&#8221;on&#8221; parallax_method=&#8221;on&#8221; background_url=&#8221;https:\/\/www.solgrud.pl\/new\/wp-content\/uploads\/2017\/04\/a_1obraz-001.jpg&#8221; button_one_letter_spacing_hover=&#8221;0&#8243; button_two_letter_spacing_hover=&#8221;0&#8243; button_one_text_size__hover_enabled=&#8221;off&#8221; button_two_text_size__hover_enabled=&#8221;off&#8221; button_one_text_color__hover_enabled=&#8221;off&#8221; button_two_text_color__hover_enabled=&#8221;off&#8221; button_one_border_width__hover_enabled=&#8221;off&#8221; button_two_border_width__hover_enabled=&#8221;off&#8221; button_one_border_color__hover_enabled=&#8221;off&#8221; button_two_border_color__hover_enabled=&#8221;off&#8221; button_one_border_radius__hover_enabled=&#8221;off&#8221; button_two_border_radius__hover_enabled=&#8221;off&#8221; button_one_letter_spacing__hover_enabled=&#8221;on&#8221; button_one_letter_spacing__hover=&#8221;0&#8243; button_two_letter_spacing__hover_enabled=&#8221;on&#8221; button_two_letter_spacing__hover=&#8221;0&#8243; button_one_bg_color__hover_enabled=&#8221;off&#8221; button_two_bg_color__hover_enabled=&#8221;off&#8221;][\/et_pb_fullwidth_header][\/et_pb_section][et_pb_section fb_built=&#8221;1&#8243; admin_label=&#8221;section&#8221; _builder_version=&#8221;3.25.4&#8243; background_color=&#8221;#e6e6e6&#8243;][et_pb_row admin_label=&#8221;row&#8221; _builder_version=&#8221;3.25&#8243; [&hellip;]<\/p>\n","protected":false},"author":4,"featured_media":0,"parent":0,"menu_order":0,"comment_status":"closed","ping_status":"closed","template":"","meta":{"_et_pb_use_builder":"on","_et_pb_old_content":"","footnotes":""},"aioseo_notices":[],"_links":{"self":[{"href":"https:\/\/www.solgrud.pl\/new\/wp-json\/wp\/v2\/pages\/27565"}],"collection":[{"href":"https:\/\/www.solgrud.pl\/new\/wp-json\/wp\/v2\/pages"}],"about":[{"href":"https:\/\/www.solgrud.pl\/new\/wp-json\/wp\/v2\/types\/page"}],"author":[{"embeddable":true,"href":"https:\/\/www.solgrud.pl\/new\/wp-json\/wp\/v2\/users\/4"}],"replies":[{"embeddable":true,"href":"https:\/\/www.solgrud.pl\/new\/wp-json\/wp\/v2\/comments?post=27565"}],"version-history":[{"count":8,"href":"https:\/\/www.solgrud.pl\/new\/wp-json\/wp\/v2\/pages\/27565\/revisions"}],"predecessor-version":[{"id":28550,"href":"https:\/\/www.solgrud.pl\/new\/wp-json\/wp\/v2\/pages\/27565\/revisions\/28550"}],"wp:attachment":[{"href":"https:\/\/www.solgrud.pl\/new\/wp-json\/wp\/v2\/media?parent=27565"}],"curies":[{"name":"wp","href":"https:\/\/api.w.org\/{rel}","templated":true}]}}