{"id":27599,"date":"2020-07-27T09:25:24","date_gmt":"2020-07-27T07:25:24","guid":{"rendered":"http:\/\/www.solgrud.pl\/new\/?page_id=27599"},"modified":"2021-10-13T07:47:37","modified_gmt":"2021-10-13T05:47:37","slug":"budownictwo-mieszkaniowe-2","status":"publish","type":"page","link":"https:\/\/www.solgrud.pl\/new\/budownictwo-mieszkaniowe-2\/","title":{"rendered":"Budownictwo mieszkaniowe"},"content":{"rendered":"<p>[et_pb_section fb_built=&#8221;1&#8243; fullwidth=&#8221;on&#8221; custom_padding_last_edited=&#8221;on|desktop&#8221; admin_label=&#8221;RODO&#8221; _builder_version=&#8221;3.25.4&#8243; custom_padding_tablet=&#8221;50px|0|50px|0&#8243; transparent_background=&#8221;off&#8221; padding_mobile=&#8221;off&#8221; make_fullwidth=&#8221;off&#8221; use_custom_width=&#8221;off&#8221; width_unit=&#8221;on&#8221;][et_pb_fullwidth_header title=&#8221;Budujemy do\u015bwiadczenie od 1992 r. &#8221; text_orientation=&#8221;right&#8221; content_max_width=&#8221;none&#8221; admin_label=&#8221;Nag\u0142\u00f3wek pe\u0142nej szeroko\u015bci&#8221; _builder_version=&#8221;3.25.4&#8243; title_level=&#8221;h2&#8243; title_font=&#8221;||||||||&#8221; background_color=&#8221;#0c71c3&#8243; background_image=&#8221;https:\/\/www.solgrud.pl\/new\/wp-content\/uploads\/2020\/01\/DSC_0017-kopia.jpg&#8221; parallax=&#8221;on&#8221; parallax_method=&#8221;on&#8221; background_url=&#8221;https:\/\/www.solgrud.pl\/new\/wp-content\/uploads\/2017\/04\/a_1obraz-001.jpg&#8221; button_one_letter_spacing_hover=&#8221;0&#8243; button_two_letter_spacing_hover=&#8221;0&#8243; button_one_text_size__hover_enabled=&#8221;off&#8221; button_two_text_size__hover_enabled=&#8221;off&#8221; button_one_text_color__hover_enabled=&#8221;off&#8221; button_two_text_color__hover_enabled=&#8221;off&#8221; button_one_border_width__hover_enabled=&#8221;off&#8221; button_two_border_width__hover_enabled=&#8221;off&#8221; button_one_border_color__hover_enabled=&#8221;off&#8221; button_two_border_color__hover_enabled=&#8221;off&#8221; button_one_border_radius__hover_enabled=&#8221;off&#8221; button_two_border_radius__hover_enabled=&#8221;off&#8221; button_one_letter_spacing__hover_enabled=&#8221;on&#8221; button_one_letter_spacing__hover=&#8221;0&#8243; button_two_letter_spacing__hover_enabled=&#8221;on&#8221; button_two_letter_spacing__hover=&#8221;0&#8243; button_one_bg_color__hover_enabled=&#8221;off&#8221; button_two_bg_color__hover_enabled=&#8221;off&#8221;][\/et_pb_fullwidth_header][\/et_pb_section][et_pb_section fb_built=&#8221;1&#8243; admin_label=&#8221;section&#8221; _builder_version=&#8221;3.25.4&#8243; background_color=&#8221;#e6e6e6&#8243;][et_pb_row admin_label=&#8221;row&#8221; _builder_version=&#8221;3.25&#8243; background_size=&#8221;initial&#8221; background_position=&#8221;top_left&#8221; background_repeat=&#8221;repeat&#8221;][et_pb_column type=&#8221;4_4&#8243; _builder_version=&#8221;3.25&#8243; custom_padding=&#8221;|||&#8221; custom_padding__hover=&#8221;|||&#8221;][et_pb_text admin_label=&#8221;Tekst&#8221; _builder_version=&#8221;3.25.4&#8243; background_size=&#8221;initial&#8221; background_position=&#8221;top_left&#8221; background_repeat=&#8221;repeat&#8221; custom_margin=&#8221;||-23px|||&#8221; use_border_color=&#8221;off&#8221; border_color=&#8221;#ffffff&#8221; border_style=&#8221;solid&#8221; inline_fonts=&#8221;raleway&#8221;]<\/p>\n<h4 style=\"text-align: justify;\"><span style=\"font-size: large;\"><span style=\"font-family: Arial;\">Budownictwo mieszkaniowe<br \/><\/span><\/span><\/h4>\n<h2 style=\"text-align: center;\"><strong><span style=\"font-family: raleway;\">\u00a0<\/span><\/strong><\/h2>\n<p>[\/et_pb_text][et_pb_text admin_label=&#8221;Tekst&#8221; _builder_version=&#8221;3.25.4&#8243; background_size=&#8221;initial&#8221; background_position=&#8221;top_left&#8221; background_repeat=&#8221;repeat&#8221; custom_margin=&#8221;||-23px|||&#8221; use_border_color=&#8221;off&#8221; border_color=&#8221;#ffffff&#8221; border_style=&#8221;solid&#8221; inline_fonts=&#8221;raleway&#8221;]<\/p>\n<p><strong>Przedsi\u0119biorstwo SOLGRUD sp. z o.o. w czasie swojej dzia\u0142alno\u015bci odda\u0142o \u201epod klucz\u201d ponad 1000 mieszka\u0144, o \u0142\u0105cznej powierzchni u\u017cytkowej przekraczaj\u0105cej 50 000 m2. Mieszkania zlokalizowane s\u0105 w 34 budynkach.<\/strong><\/p>\n<p>&nbsp;<\/p>\n<ul>\n<li>Budynek mieszkalny 86-cio rodzinny w Grudzi\u0105dzu przy ul. Sikorskiego<\/li>\n<li>Budynek mieszkalny jednorodzinny o pow. u\u017cytkowej 350 m2 przy ul. Jackowskiego w Grudzi\u0105dzu<\/li>\n<li>Modernizacja 4-ro kond. budynku mieszkalnego przy ul. Nadg\u00f3rnej 54 w Grudzi\u0105dzu<\/li>\n<li>Modernizacja z przebudow\u0105 budynku mieszkalnego 65-cio rodzinnego przy ul. Kalinkowej 69 w Grudzi\u0105dzu<\/li>\n<li>Kompleks budynk\u00f3w mieszkalnych, szeregowych przy ul. Zachodniej Grudzi\u0105dz<\/li>\n<li>Budynek 12-sto rodzinny ul. Kalinkowa 69B w Grudzi\u0105dzu<\/li>\n<li>Kompleks bud. jednorodzinnych przy ul. Konstytucji 3 Maja w Grudzi\u0105dzu<\/li>\n<li>Budynek mieszkalny ul. Tysi\u0105clecia Grudzi\u0105dz<\/li>\n<li>Budynek 34-ro rodzinny ul. Kalinkowa 69A z gara\u017cami podziemnymi w Grudziadzu<\/li>\n<li>Budynek mieszkalny przy ul. Kulerskiego 20 w Grudzi\u0105dzu<\/li>\n<li>Budynek komunalny na osiedlu \u201eRz\u0105dz\u201d w Grudzi\u0105dzu<\/li>\n<li>Budynek mieszkalny przy ul. Kulerskiego 20 w Gudzi\u0105dzu &#8211; II etap<\/li>\n<li>Domki jednorodzinne w zabudowie szeregowej przy ul. Konstytucji 3 Maja w Grudzi\u0105dzu<\/li>\n<li>Budynek mieszkalny przy ul. Kulerskiego 20 w Grudzi\u0105dzu &#8211; III etap budowy<\/li>\n<li>Budynek mieszkalny ul. Kaszubska 70 Grudzi\u0105dz \/Mniszek\/<\/li>\n<li>Budynek mieszkalny przy ul.Che\u0142mi\u0144skiej 104 w Grudzi\u0105dzu<\/li>\n<li>Adaptacja budynku mieszkalnego ul. Kalinkowa 22 w Grudzi\u0105dzu.<\/li>\n<li>Budowa budynku mieszkalnego nr 102 ul.Wojska Polskiego w Sk\u00f3rczu<\/li>\n<li>Budowa budynku komunalnego w Wi\u0105gu<\/li>\n<li>Adaptacja budynku pokoszarowego z przeznaczeniem na lokale mieszkalne przy ul. Zacisznej w Grudzi\u0105dzu<\/li>\n<li>Budynek mieszkalny 48-rodz. Przy ul. Kulerskiego 6 w Grudzi\u0105dzu<\/li>\n<li>Budowa budynku mieszkalnego 48-rodz. w Grudzi\u0105dzu ul. Kulerskiego 2<\/li>\n<li>Adaptacja obiektu pokoszarowego dla potrzeb budownictwa socjalnego przy ul. Kalinkowej 67 w Grudzi\u0105dzu<\/li>\n<li>Budowa budynku mieszkalnego TBS przy ul. Kulerskiego w Grudzi\u0105dzu<\/li>\n<li>Budowa dw\u00f3ch budynk\u00f3w mieszkalnych na osiedlu \u201eKapusta\u201d w Grudzi\u0105dzu<\/li>\n<li>Budowa budynku TBS przy ul. Solnej w Grudzi\u0105dzu<\/li>\n<li>Budowa dw\u00f3ch budynk\u00f3w mieszkalnych oraz budynku 5-rodzinnego w W\u0105brze\u017anie<\/li>\n<li>Budowa budynku mieszkalnego 56 &#8211; rodzinnego przy ul. Kruczkowskiego w Grudzi\u0105dzu<\/li>\n<li>Budowa budynku mieszkalnego nr 4, Osiedle Mieszkaniowe Nowe Tarpno w Grudzi\u0105dzu<\/li>\n<li>Budowa budynku mieszkalnego wielorodzinnego przy ul. Kruszelnickiego w Grudzi\u0105dzu<\/li>\n<li>Budowa dw\u00f3ch budynk\u00f3w mieszkalnych wielorodzinnych nr 5 i 6 z gara\u017cami podziemnymi na Osiedlu Nowe Tarpno w Grudzi\u0105dzu<\/li>\n<li>Budowa kamienic mieszkalno &#8211; us\u0142ugowych z gara\u017cami podziemnymi w Kwidzynie przy ul. Braterstwa Narod\u00f3w<\/li>\n<li>Budowa dw\u00f3ch dom\u00f3w mieszkalnych wielorodzinnych na Osiedlu Nowe Tarpno nr 7 i 8 w Grudzi\u0105dzu<\/li>\n<li>Budowa budynku mieszkalnego wielorodzinnego &#8211; 94 mieszkania, w tym dwa dla os\u00f3b niepe\u0142nosprawnych wraz z gara\u017cami podziemnymi przy ul. Wary\u0144skiego w Grudzi\u0105dzu<\/li>\n<li>Budowa szesnastu dom\u00f3w jednorodzinnych z gara\u017cami w zabudowie szeregowej wraz z infrastruktur\u0105 przy ul. R\u00f3\u017canowicza w Grudzi\u0105dzu<\/li>\n<li>Budowa siedmiu\u00a0dom\u00f3w jednorodzinnych z gara\u017cami w zabudowie szeregowej wraz z infrastruktur\u0105 przy ul. R\u00f3\u017canowicza w Grudzi\u0105dzu<\/li>\n<li>Odnowa zdegradowanych wielorodzinnych budynk\u00f3w mieszkalnych przy ul. Mickiewicza 3 \/ Murowa 24, ul. Pa\u0144skiej 23 w Grudzi\u0105dzu<\/li>\n<li>Odnowa zdegradowanego wielorodzinnego budynku mieszkalnego przy ul. Groblowej w Grudzi\u0105dzu<\/li>\n<li>Budowa budynku mieszkalnego wielorodzinnego nr 14 wraz z infrastruktur\u0105 przy ul. Stachury w Grudzi\u0105dzu<\/li>\n<\/ul>\n<h4 style=\"text-align: justify;\"><span style=\"font-size: large;\"><span style=\"font-family: Arial;\"><br \/> <\/span><\/span><\/h4>\n<h2 style=\"text-align: center;\"><strong><span style=\"font-family: raleway;\">\u00a0<\/span><\/strong><\/h2>\n<p>[\/et_pb_text][et_pb_text admin_label=&#8221;Tekst&#8221; _builder_version=&#8221;3.25.4&#8243; background_size=&#8221;initial&#8221; background_position=&#8221;top_left&#8221; background_repeat=&#8221;repeat&#8221; custom_margin=&#8221;||-23px|||&#8221; use_border_color=&#8221;off&#8221; border_color=&#8221;#ffffff&#8221; border_style=&#8221;solid&#8221; inline_fonts=&#8221;raleway&#8221;]<\/p>\n<h4 style=\"text-align: center;\"><span style=\"font-family: Arial; font-weight: normal;\">Odnowa zdegradowanych wielorodzinnych budynk\u00f3w mieszkalnych przy ul. Mickiewicza\/Murowa 24, ul. Pa\u0144ska 23 w Grudzi\u0105dzu<br \/> <\/span><\/h4>\n<h2 style=\"text-align: center;\"><strong><span style=\"font-family: raleway;\">\u00a0<\/span><\/strong><\/h2>\n<p>[\/et_pb_text][et_pb_gallery gallery_ids=&#8221;26563,26564,26565,26566,26567,26568&#8243; show_title_and_caption=&#8221;off&#8221; _builder_version=&#8221;3.25.4&#8243;][\/et_pb_gallery][et_pb_text _builder_version=&#8221;3.25.4&#8243;]<\/p>\n<div class=\"et_pb_module et_pb_gallery et_pb_gallery_0 et_pb_bg_layout_light  et_pb_gallery_grid\"><\/div>\n<div class=\"et_pb_module et_pb_text et_pb_text_3 et_pb_bg_layout_light  et_pb_text_align_left\">\n<div class=\"et_pb_text_inner\">\n<h4 style=\"text-align: center;\"><span style=\"font-family: Arial; font-weight: normal;\">Budowa 2 budynk\u00f3w mieszkalnych, wielorodzinnych nr 9 i 10 z infrastruktur\u0105 techniczn\u0105 na O\/M Nowe Tarpno przy ul. Stachury w Grudzi\u0105dzu<\/span><\/h4>\n<\/div>\n<\/div>\n<p>[\/et_pb_text][et_pb_gallery gallery_ids=&#8221;26668,26744,26669,26743&#8243; show_title_and_caption=&#8221;off&#8221; _builder_version=&#8221;3.25.4&#8243;][\/et_pb_gallery][\/et_pb_column][\/et_pb_row][\/et_pb_section]<\/p>\n","protected":false},"excerpt":{"rendered":"<p>[et_pb_section fb_built=&#8221;1&#8243; fullwidth=&#8221;on&#8221; custom_padding_last_edited=&#8221;on|desktop&#8221; admin_label=&#8221;RODO&#8221; _builder_version=&#8221;3.25.4&#8243; custom_padding_tablet=&#8221;50px|0|50px|0&#8243; transparent_background=&#8221;off&#8221; padding_mobile=&#8221;off&#8221; make_fullwidth=&#8221;off&#8221; use_custom_width=&#8221;off&#8221; width_unit=&#8221;on&#8221;][et_pb_fullwidth_header title=&#8221;Budujemy do\u015bwiadczenie od 1992 r. &#8221; text_orientation=&#8221;right&#8221; content_max_width=&#8221;none&#8221; admin_label=&#8221;Nag\u0142\u00f3wek pe\u0142nej szeroko\u015bci&#8221; _builder_version=&#8221;3.25.4&#8243; title_level=&#8221;h2&#8243; title_font=&#8221;||||||||&#8221; background_color=&#8221;#0c71c3&#8243; background_image=&#8221;https:\/\/www.solgrud.pl\/new\/wp-content\/uploads\/2020\/01\/DSC_0017-kopia.jpg&#8221; parallax=&#8221;on&#8221; parallax_method=&#8221;on&#8221; background_url=&#8221;https:\/\/www.solgrud.pl\/new\/wp-content\/uploads\/2017\/04\/a_1obraz-001.jpg&#8221; button_one_letter_spacing_hover=&#8221;0&#8243; button_two_letter_spacing_hover=&#8221;0&#8243; button_one_text_size__hover_enabled=&#8221;off&#8221; button_two_text_size__hover_enabled=&#8221;off&#8221; button_one_text_color__hover_enabled=&#8221;off&#8221; button_two_text_color__hover_enabled=&#8221;off&#8221; button_one_border_width__hover_enabled=&#8221;off&#8221; button_two_border_width__hover_enabled=&#8221;off&#8221; button_one_border_color__hover_enabled=&#8221;off&#8221; button_two_border_color__hover_enabled=&#8221;off&#8221; button_one_border_radius__hover_enabled=&#8221;off&#8221; button_two_border_radius__hover_enabled=&#8221;off&#8221; button_one_letter_spacing__hover_enabled=&#8221;on&#8221; button_one_letter_spacing__hover=&#8221;0&#8243; button_two_letter_spacing__hover_enabled=&#8221;on&#8221; button_two_letter_spacing__hover=&#8221;0&#8243; button_one_bg_color__hover_enabled=&#8221;off&#8221; button_two_bg_color__hover_enabled=&#8221;off&#8221;][\/et_pb_fullwidth_header][\/et_pb_section][et_pb_section fb_built=&#8221;1&#8243; admin_label=&#8221;section&#8221; _builder_version=&#8221;3.25.4&#8243; background_color=&#8221;#e6e6e6&#8243;][et_pb_row admin_label=&#8221;row&#8221; _builder_version=&#8221;3.25&#8243; [&hellip;]<\/p>\n","protected":false},"author":4,"featured_media":0,"parent":0,"menu_order":0,"comment_status":"closed","ping_status":"closed","template":"","meta":{"_et_pb_use_builder":"on","_et_pb_old_content":"","footnotes":""},"aioseo_notices":[],"_links":{"self":[{"href":"https:\/\/www.solgrud.pl\/new\/wp-json\/wp\/v2\/pages\/27599"}],"collection":[{"href":"https:\/\/www.solgrud.pl\/new\/wp-json\/wp\/v2\/pages"}],"about":[{"href":"https:\/\/www.solgrud.pl\/new\/wp-json\/wp\/v2\/types\/page"}],"author":[{"embeddable":true,"href":"https:\/\/www.solgrud.pl\/new\/wp-json\/wp\/v2\/users\/4"}],"replies":[{"embeddable":true,"href":"https:\/\/www.solgrud.pl\/new\/wp-json\/wp\/v2\/comments?post=27599"}],"version-history":[{"count":22,"href":"https:\/\/www.solgrud.pl\/new\/wp-json\/wp\/v2\/pages\/27599\/revisions"}],"predecessor-version":[{"id":30854,"href":"https:\/\/www.solgrud.pl\/new\/wp-json\/wp\/v2\/pages\/27599\/revisions\/30854"}],"wp:attachment":[{"href":"https:\/\/www.solgrud.pl\/new\/wp-json\/wp\/v2\/media?parent=27599"}],"curies":[{"name":"wp","href":"https:\/\/api.w.org\/{rel}","templated":true}]}}