{"id":28575,"date":"2021-10-27T13:48:15","date_gmt":"2021-10-27T11:48:15","guid":{"rendered":"http:\/\/www.solgrud.pl\/new\/?page_id=28575"},"modified":"2026-04-03T14:33:04","modified_gmt":"2026-04-03T12:33:04","slug":"kwidzyn-smodlibowskiej-4","status":"publish","type":"page","link":"https:\/\/www.solgrud.pl\/new\/kwidzyn-smodlibowskiej-4\/","title":{"rendered":"Kwidzyn &#8211; Smodlibowskiej 4"},"content":{"rendered":"<p>[et_pb_section fb_built=&#8221;1&#8243; admin_label=&#8221;section&#8221; _builder_version=&#8221;3.22.3&#8243;][et_pb_row custom_padding=&#8221;||0px|||&#8221; admin_label=&#8221;row&#8221; _builder_version=&#8221;3.25.4&#8243; background_size=&#8221;initial&#8221; background_position=&#8221;top_left&#8221; background_repeat=&#8221;repeat&#8221; min_height=&#8221;1532px&#8221;][et_pb_column type=&#8221;4_4&#8243; _builder_version=&#8221;3.25&#8243; custom_padding=&#8221;|||&#8221; custom_padding__hover=&#8221;|||&#8221;][et_pb_text admin_label=&#8221;Tekst&#8221; _builder_version=&#8221;3.25.4&#8243; background_size=&#8221;initial&#8221; background_position=&#8221;top_left&#8221; background_repeat=&#8221;repeat&#8221; custom_padding=&#8221;||17px|||&#8221; use_border_color=&#8221;off&#8221; border_color=&#8221;#ffffff&#8221; border_style=&#8221;solid&#8221; inline_fonts=&#8221;raleway&#8221;]<\/p>\n<h2 style=\"text-align: center;\"><span style=\"font-family: raleway; font-weight: normal;\">Kwidzyn &#8211; Smodlibowskiej 4<br \/>\n<\/span><\/h2>\n<p>[\/et_pb_text][et_pb_image src=&#8221;https:\/\/www.solgrud.pl\/new\/wp-content\/uploads\/2025\/04\/VIZ-01-FRONT-04-scaled.jpg&#8221; align=&#8221;center&#8221; _builder_version=&#8221;3.25.4&#8243; box_shadow_style=&#8221;preset1&#8243; filter_saturate=&#8221;102%&#8221; filter_brightness=&#8221;105%&#8221; filter_contrast=&#8221;108%&#8221; filter_invert=&#8221;1%&#8221; filter_sepia=&#8221;1%&#8221;][\/et_pb_image][et_pb_code _builder_version=&#8221;3.25.4&#8243; filter_saturate=&#8221;0%&#8221; filter_brightness=&#8221;98%&#8221; filter_contrast=&#8221;85%&#8221; hover_transition_speed_curve=&#8221;ease-in-out&#8221;]\n<table id=\"tablepress-2\" class=\"tablepress tablepress-id-2\">\n<thead>\n<tr class=\"row-1\">\n\t<th class=\"column-1\">Nr klatki<\/th><th class=\"column-2\">Nr lokalu<\/th><th class=\"column-3\">kondygnacja<\/th><th class=\"column-4\">Powierzchnia u\u017cytkowa<\/th><th class=\"column-5\">Cena za 1 m<sup>2<\/sup><\/th><th class=\"column-6\">Cena<\/th><th class=\"column-7\">Status<\/th><th class=\"column-8\">Karta<\/th>\n<\/tr>\n<\/thead>\n<tbody class=\"row-hover\">\n<tr class=\"row-2\">\n\t<td class=\"column-1\">1<\/td><td class=\"column-2\">1<\/td><td class=\"column-3\">parter<\/td><td class=\"column-4\">60.26 m<sup>2<\/sup><\/td><td class=\"column-5\">8 650 z\u0142<\/td><td class=\"column-6\">521 249.00 z\u0142<\/td><td class=\"column-7\">dost\u0119pne *<\/td><td class=\"column-8\"><a href=\"https:\/\/www.solgrud.pl\/new\/wp-content\/uploads\/2025\/10\/M1.pdf\">M01<\/a><\/td>\n<\/tr>\n<tr class=\"row-3\">\n\t<td class=\"column-1\">1<\/td><td class=\"column-2\">2<\/td><td class=\"column-3\">parter<\/td><td class=\"column-4\">41.23 m<sup>2<\/sup><\/td><td class=\"column-5\">9 250 z\u0142<\/td><td class=\"column-6\">381 377.50 z\u0142<\/td><td class=\"column-7\">dost\u0119pne *<\/td><td class=\"column-8\"><a href=\"https:\/\/www.solgrud.pl\/new\/wp-content\/uploads\/2025\/10\/M2.pdf\">M02<\/a><\/td>\n<\/tr>\n<tr class=\"row-4\">\n\t<td class=\"column-1\">1<\/td><td class=\"column-2\">3<\/td><td class=\"column-3\">parter<\/td><td class=\"column-4\">64.76 m<sup>2<\/sup><\/td><td class=\"column-5\">8 650 z\u0142<\/td><td class=\"column-6\">560 174.00 z\u0142<\/td><td class=\"column-7\">dost\u0119pne *<\/td><td class=\"column-8\"><a href=\"https:\/\/www.solgrud.pl\/new\/wp-content\/uploads\/2025\/10\/M3.pdf\">M03<\/a><\/td>\n<\/tr>\n<tr class=\"row-5\">\n\t<td class=\"column-1\">1<\/td><td class=\"column-2\">4<\/td><td class=\"column-3\">parter<\/td><td class=\"column-4\">75.79 m<sup>2<\/sup><\/td><td class=\"column-5\">8 250 z\u0142<\/td><td class=\"column-6\">625 267.50 z\u0142<\/td><td class=\"column-7\">dost\u0119pne *<\/td><td class=\"column-8\"><a href=\"https:\/\/www.solgrud.pl\/new\/wp-content\/uploads\/2025\/10\/M4.pdf\">M04<\/a><\/td>\n<\/tr>\n<tr class=\"row-6\">\n\t<td class=\"column-1\">1<\/td><td class=\"column-2\">5<\/td><td class=\"column-3\">I pi\u0119tro<\/td><td class=\"column-4\">51.01 m<sup>2<\/sup><\/td><td class=\"column-5\">9 250 z\u0142<\/td><td class=\"column-6\">471 842.50 z\u0142<\/td><td class=\"column-7\">dost\u0119pne *<\/td><td class=\"column-8\"><a href=\"https:\/\/www.solgrud.pl\/new\/wp-content\/uploads\/2025\/10\/M5.pdf\">M05<\/a><\/td>\n<\/tr>\n<tr class=\"row-7\">\n\t<td class=\"column-1\">1<\/td><td class=\"column-2\">6<\/td><td class=\"column-3\">I pi\u0119tro<\/td><td class=\"column-4\">47.55 m<sup>2<\/sup><\/td><td class=\"column-5\">9 250 z\u0142<\/td><td class=\"column-6\">439 837.50 z\u0142<\/td><td class=\"column-7\">dost\u0119pne *<\/td><td class=\"column-8\"><a href=\"https:\/\/www.solgrud.pl\/new\/wp-content\/uploads\/2025\/10\/M6.pdf\">M06<\/a><\/td>\n<\/tr>\n<tr class=\"row-8\">\n\t<td class=\"column-1\">1<\/td><td class=\"column-2\">7<\/td><td class=\"column-3\">I pi\u0119tro<\/td><td class=\"column-4\">41.05 m <sup>2<\/sup><\/td><td class=\"column-5\">9 250 z\u0142 <\/td><td class=\"column-6\">379 712.50 z\u0142 <\/td><td class=\"column-7\">dost\u0119pne *<\/td><td class=\"column-8\"><a href=\"https:\/\/www.solgrud.pl\/new\/wp-content\/uploads\/2025\/10\/M7.pdf\">M07<\/a><\/td>\n<\/tr>\n<tr class=\"row-9\">\n\t<td class=\"column-1\">1<\/td><td class=\"column-2\">8<\/td><td class=\"column-3\">I pi\u0119tro<\/td><td class=\"column-4\">64.50 m<sup>2<\/sup><\/td><td class=\"column-5\">8 390 z\u0142<\/td><td class=\"column-6\">541 155.00 z\u0142<\/td><td class=\"column-7\">dost\u0119pne 8<\/td><td class=\"column-8\"><a href=\"https:\/\/www.solgrud.pl\/new\/wp-content\/uploads\/2025\/10\/M8.pdf\">M08<\/a><\/td>\n<\/tr>\n<tr class=\"row-10\">\n\t<td class=\"column-1\">1<\/td><td class=\"column-2\">9<\/td><td class=\"column-3\">I pi\u0119tro<\/td><td class=\"column-4\">75.68 m<sup>2<\/sup><\/td><td class=\"column-5\">7 990 z\u0142 <\/td><td class=\"column-6\">604 683.20 z\u0142<\/td><td class=\"column-7\">REZERWACJA *<\/td><td class=\"column-8\"><a href=\"https:\/\/www.solgrud.pl\/new\/wp-content\/uploads\/2025\/10\/M9.pdf\">M09<\/a><\/td>\n<\/tr>\n<tr class=\"row-11\">\n\t<td class=\"column-1\">1<\/td><td class=\"column-2\">10<\/td><td class=\"column-3\">II pi\u0119tro<\/td><td class=\"column-4\">50.63 m<sup>2<\/sup><\/td><td class=\"column-5\">9 250 z\u0142<\/td><td class=\"column-6\">468 327.50 z\u0142<\/td><td class=\"column-7\">dost\u0119pne *<\/td><td class=\"column-8\"><a href=\"https:\/\/www.solgrud.pl\/new\/wp-content\/uploads\/2025\/10\/M10.pdf\">M10<\/a><\/td>\n<\/tr>\n<tr class=\"row-12\">\n\t<td class=\"column-1\">1<\/td><td class=\"column-2\">11<\/td><td class=\"column-3\">II pi\u0119tro<\/td><td class=\"column-4\">47.70 m<sup>2<\/sup><\/td><td class=\"column-5\">9 250 z\u0142<\/td><td class=\"column-6\">441 225.00 z\u0142<\/td><td class=\"column-7\">dost\u0119pne *<\/td><td class=\"column-8\"><a href=\"https:\/\/www.solgrud.pl\/new\/wp-content\/uploads\/2025\/10\/M11.pdf\">M11<\/a><\/td>\n<\/tr>\n<tr class=\"row-13\">\n\t<td class=\"column-1\">1<\/td><td class=\"column-2\">12<\/td><td class=\"column-3\">II pi\u0119tro<\/td><td class=\"column-4\">41.12 m<sup>2<\/sup><\/td><td class=\"column-5\">9 250 z\u0142<\/td><td class=\"column-6\">380 360.00 z\u0142<\/td><td class=\"column-7\">rezerwacja *<\/td><td class=\"column-8\"><a href=\"https:\/\/www.solgrud.pl\/new\/wp-content\/uploads\/2025\/10\/M12.pdf\">M12<\/a><\/td>\n<\/tr>\n<tr class=\"row-14\">\n\t<td class=\"column-1\">1<\/td><td class=\"column-2\">13<\/td><td class=\"column-3\">II pi\u0119tro<\/td><td class=\"column-4\">-<\/td><td class=\"column-5\">-<\/td><td class=\"column-6\">-<\/td><td class=\"column-7\">sprzedane *<\/td><td class=\"column-8\">-<\/td>\n<\/tr>\n<tr class=\"row-15\">\n\t<td class=\"column-1\">1<\/td><td class=\"column-2\">14<\/td><td class=\"column-3\">II pi\u0119tro<\/td><td class=\"column-4\">-<\/td><td class=\"column-5\">-<\/td><td class=\"column-6\">-<\/td><td class=\"column-7\">REZERWACJA *<\/td><td class=\"column-8\"><a href=\"https:\/\/www.solgrud.pl\/new\/wp-content\/uploads\/2025\/10\/M14.pdf\">M14<\/a><\/td>\n<\/tr>\n<\/tbody>\n<\/table>\n<!-- #tablepress-2 from cache -->[\/et_pb_code][et_pb_text admin_label=&#8221;Tekst&#8221; _builder_version=&#8221;3.25.4&#8243; background_size=&#8221;initial&#8221; background_position=&#8221;top_left&#8221; background_repeat=&#8221;repeat&#8221; custom_padding=&#8221;||17px|||&#8221; use_border_color=&#8221;off&#8221; border_color=&#8221;#ffffff&#8221; border_style=&#8221;solid&#8221; inline_fonts=&#8221;raleway,Georgia&#8221;]<\/p>\n<h5 style=\"text-align: center;\"><span style=\"font-family: raleway; font-weight: normal;\"><span style=\"font-family: inherit;\">Miejsce w podziemnej hali gara\u017cowej 41 500 z\u0142 do korzystania na zasadzie wy\u0142\u0105czno\u015bci.<\/span><br \/>\n<\/span><\/h5>\n<p>[\/et_pb_text][et_pb_text admin_label=&#8221;Tekst&#8221; _builder_version=&#8221;3.25.4&#8243; background_size=&#8221;initial&#8221; background_position=&#8221;top_left&#8221; background_repeat=&#8221;repeat&#8221; custom_padding=&#8221;||17px|||&#8221; use_border_color=&#8221;off&#8221; border_color=&#8221;#ffffff&#8221; border_style=&#8221;solid&#8221; inline_fonts=&#8221;raleway&#8221;]<\/p>\n<h5 style=\"text-align: center;\"><span style=\"font-family: raleway; font-weight: normal;\">Do mieszkania istnieje mozliwo\u015b\u0107 dokupienia gara\u017cu. Gara\u017c murowany o wymiarach 3,25&#215;5,90, za cen\u0119 50 000 z\u0142.<br \/>\n<\/span><\/h5>\n<h6 style=\"text-align: center;\">\u00a0 \u00a0 *cena ofertowa nie uleg\u0142a zmianie od pocz\u0105tku rozpocz\u0119cia sprzeda\u017cy<\/h6>\n<p>[\/et_pb_text][et_pb_toggle title=&#8221;Rzut kondygnacji podziemnej &#8221; _builder_version=&#8221;3.25.4&#8243; title_font=&#8221;raleway||||||||&#8221; title_font_size=&#8221;16px&#8221; background_color=&#8221;#d6d6d6&#8243; link_option_url=&#8221;https:\/\/www.solgrud.pl\/new\/wp-content\/uploads\/2024\/05\/A.1-RZUT-KONDYGNACJI-PODZIEMNEJ-scaled.jpg&#8221; link_option_url_new_window=&#8221;on&#8221;]<\/p>\n<p style=\"text-align: center;\"><img loading=\"lazy\" decoding=\"async\" src=\"https:\/\/www.solgrud.pl\/new\/wp-content\/uploads\/2024\/05\/A.1-RZUT-KONDYGNACJI-PODZIEMNEJ.jpg\" alt=\"A.1-RZUT-KONDYGNACJI-PODZIEMNEJ.jpg (3159\u00d73138)\" width=\"161\" height=\"160\" \/><\/p>\n<p>[\/et_pb_toggle][et_pb_toggle title=&#8221;Rzut kondygnacji parteru&#8221; _builder_version=&#8221;3.25.4&#8243; title_font=&#8221;raleway||||||||&#8221; title_font_size=&#8221;16px&#8221; background_color=&#8221;#d6d6d6&#8243; link_option_url=&#8221;https:\/\/www.solgrud.pl\/new\/wp-content\/uploads\/2024\/05\/A.2-RZUT-PARTERU-scaled.jpg&#8221; link_option_url_new_window=&#8221;on&#8221;]<\/p>\n<p><img loading=\"lazy\" decoding=\"async\" style=\"display: block; margin-left: auto; margin-right: auto;\" src=\"https:\/\/www.solgrud.pl\/new\/wp-content\/uploads\/2024\/05\/A.2-RZUT-PARTERU-scaled.jpg\" width=\"163\" height=\"161\" \/><\/p>\n<p>[\/et_pb_toggle][et_pb_toggle title=&#8221;Rzut kondygnacji I pi\u0119tra&#8221; _builder_version=&#8221;3.25.4&#8243; title_font=&#8221;raleway||||||||&#8221; title_font_size=&#8221;16px&#8221; background_color=&#8221;#d6d6d6&#8243; link_option_url=&#8221;https:\/\/www.solgrud.pl\/new\/wp-content\/uploads\/2024\/05\/A.3-RZUT-1.-PIETRA_1-scaled.jpg&#8221; link_option_url_new_window=&#8221;on&#8221;]<\/p>\n<p style=\"text-align: center;\"><img loading=\"lazy\" decoding=\"async\" src=\"https:\/\/www.solgrud.pl\/new\/wp-content\/uploads\/2024\/05\/A.3-RZUT-1.-PIETRA_1-scaled.jpg\" width=\"171\" height=\"169\" \/><\/p>\n<p>[\/et_pb_toggle][et_pb_toggle title=&#8221;Rzut kondygnacji II pi\u0119tra&#8221; _builder_version=&#8221;3.25.4&#8243; title_font=&#8221;raleway||||||||&#8221; title_font_size=&#8221;16px&#8221; background_color=&#8221;#d6d6d6&#8243; link_option_url=&#8221;https:\/\/www.solgrud.pl\/new\/wp-content\/uploads\/2024\/05\/A.4-RZUT-2.-PIETRA_1-scaled.jpg&#8221; link_option_url_new_window=&#8221;on&#8221;]<\/p>\n<p style=\"text-align: center;\"><img loading=\"lazy\" decoding=\"async\" src=\"https:\/\/www.solgrud.pl\/new\/wp-content\/uploads\/2024\/05\/A.4-RZUT-2.-PIETRA_1-scaled.jpg\" width=\"171\" height=\"159\" \/><\/p>\n<p>[\/et_pb_toggle][\/et_pb_column][\/et_pb_row][et_pb_row column_structure=&#8221;1_3,1_3,1_3&#8243; _builder_version=&#8221;3.25.4&#8243;][et_pb_column type=&#8221;1_3&#8243; _builder_version=&#8221;3.25.4&#8243;][et_pb_button button_url=&#8221;https:\/\/www.solgrud.pl\/new\/wp-content\/uploads\/2024\/10\/KAT.VBP_.HIGROv44.pdf&#8221; button_text=&#8221;wentylacja hybrydowa &#8221; button_alignment=&#8221;center&#8221; _builder_version=&#8221;3.25.4&#8243; filter_hue_rotate=&#8221;276deg&#8221;][\/et_pb_button][\/et_pb_column][et_pb_column type=&#8221;1_3&#8243; _builder_version=&#8221;3.25.4&#8243;][et_pb_button button_url=&#8221;https:\/\/www.solgrud.pl\/new\/wp-content\/uploads\/2024\/10\/www_NIBE_03_2024.pdf&#8221; button_text=&#8221;pompa ciep\u0142a&#8221; button_alignment=&#8221;center&#8221; _builder_version=&#8221;3.25.4&#8243; filter_hue_rotate=&#8221;266deg&#8221;][\/et_pb_button][\/et_pb_column][et_pb_column type=&#8221;1_3&#8243; _builder_version=&#8221;3.25.4&#8243;][et_pb_button button_url=&#8221;https:\/\/www.solgrud.pl\/new\/wp-content\/uploads\/2024\/10\/katalog-wykonania-kabiny-w-stali-nierdzewnej.pdf&#8221; button_text=&#8221;winda&#8221; button_alignment=&#8221;center&#8221; _builder_version=&#8221;3.25.4&#8243; filter_hue_rotate=&#8221;266deg&#8221;][\/et_pb_button][\/et_pb_column][\/et_pb_row][et_pb_row _builder_version=&#8221;3.25.4&#8243;][et_pb_column type=&#8221;4_4&#8243; _builder_version=&#8221;3.25.4&#8243;][et_pb_gallery gallery_ids=&#8221;31594,31595,31596,31597&#8243; show_title_and_caption=&#8221;off&#8221; show_pagination=&#8221;off&#8221; _builder_version=&#8221;3.25.4&#8243;][\/et_pb_gallery][et_pb_gallery gallery_ids=&#8221;31876,31882,31887,31881,31884,31888,31885,31886,31883,31878&#8243; show_title_and_caption=&#8221;off&#8221; show_pagination=&#8221;off&#8221; _builder_version=&#8221;3.25.4&#8243;][\/et_pb_gallery][\/et_pb_column][\/et_pb_row][et_pb_row column_structure=&#8221;1_2,1_2&#8243; _builder_version=&#8221;3.25.4&#8243;][et_pb_column type=&#8221;1_2&#8243; _builder_version=&#8221;3.25.4&#8243;][et_pb_image src=&#8221;https:\/\/www.solgrud.pl\/new\/wp-content\/uploads\/2022\/06\/PZT.jpg&#8221; url=&#8221;https:\/\/www.solgrud.pl\/new\/pzt\/&#8221; _builder_version=&#8221;3.25.4&#8243;][\/et_pb_image][\/et_pb_column][et_pb_column type=&#8221;1_2&#8243; _builder_version=&#8221;3.25.4&#8243;][et_pb_code _builder_version=&#8221;3.25.4&#8243; custom_margin=&#8221;||-24px|||&#8221;]<iframe loading=\"lazy\" style=\"border: 0;\" src=\"https:\/\/www.google.com\/maps\/embed?pb=!1m18!1m12!1m3!1d1490.7657010562325!2d18.94506467197766!3d53.741789486343244!2m3!1f0!2f0!3f0!3m2!1i1024!2i768!4f13.1!3m3!1m2!1s0x4702b0e7ca687cab%3A0x506c901f6d2b4139!2sZ.%20Smodlibowskiej%204%2C%2082-500%20Kwidzyn!5e1!3m2!1spl!2spl!4v1746003140057!5m2!1spl!2spl\" width=\"600\" height=\"450\" allowfullscreen=\"allowfullscreen\"><\/iframe>[\/et_pb_code][\/et_pb_column][\/et_pb_row][et_pb_row _builder_version=&#8221;3.25.4&#8243;][et_pb_column type=&#8221;4_4&#8243; _builder_version=&#8221;3.25.4&#8243;][et_pb_contact_form title=&#8221;Formularz kontaktowy&#8221; _builder_version=&#8221;3.25.4&#8243;][et_pb_contact_field field_id=&#8221;Name&#8221; field_title=&#8221;Nazwa&#8221; _builder_version=&#8221;3.16&#8243; border_radii=&#8221;on||||&#8221; button_text_size__hover_enabled=&#8221;off&#8221; button_one_text_size__hover_enabled=&#8221;off&#8221; button_two_text_size__hover_enabled=&#8221;off&#8221; button_text_color__hover_enabled=&#8221;off&#8221; button_one_text_color__hover_enabled=&#8221;off&#8221; button_two_text_color__hover_enabled=&#8221;off&#8221; button_border_width__hover_enabled=&#8221;off&#8221; button_one_border_width__hover_enabled=&#8221;off&#8221; button_two_border_width__hover_enabled=&#8221;off&#8221; button_border_color__hover_enabled=&#8221;off&#8221; button_one_border_color__hover_enabled=&#8221;off&#8221; button_two_border_color__hover_enabled=&#8221;off&#8221; button_border_radius__hover_enabled=&#8221;off&#8221; button_one_border_radius__hover_enabled=&#8221;off&#8221; button_two_border_radius__hover_enabled=&#8221;off&#8221; button_letter_spacing__hover_enabled=&#8221;off&#8221; button_one_letter_spacing__hover_enabled=&#8221;off&#8221; button_two_letter_spacing__hover_enabled=&#8221;off&#8221; button_bg_color__hover_enabled=&#8221;off&#8221; button_one_bg_color__hover_enabled=&#8221;off&#8221; button_two_bg_color__hover_enabled=&#8221;off&#8221;][\/et_pb_contact_field][et_pb_contact_field field_id=&#8221;Email&#8221; field_title=&#8221;Adres e-mail&#8221; field_type=&#8221;email&#8221; _builder_version=&#8221;3.25.4&#8243; border_radii=&#8221;on||||&#8221; button_text_size__hover_enabled=&#8221;off&#8221; button_one_text_size__hover_enabled=&#8221;off&#8221; button_two_text_size__hover_enabled=&#8221;off&#8221; button_text_color__hover_enabled=&#8221;off&#8221; button_one_text_color__hover_enabled=&#8221;off&#8221; button_two_text_color__hover_enabled=&#8221;off&#8221; button_border_width__hover_enabled=&#8221;off&#8221; button_one_border_width__hover_enabled=&#8221;off&#8221; button_two_border_width__hover_enabled=&#8221;off&#8221; button_border_color__hover_enabled=&#8221;off&#8221; button_one_border_color__hover_enabled=&#8221;off&#8221; button_two_border_color__hover_enabled=&#8221;off&#8221; button_border_radius__hover_enabled=&#8221;off&#8221; button_one_border_radius__hover_enabled=&#8221;off&#8221; button_two_border_radius__hover_enabled=&#8221;off&#8221; button_letter_spacing__hover_enabled=&#8221;off&#8221; button_one_letter_spacing__hover_enabled=&#8221;off&#8221; button_two_letter_spacing__hover_enabled=&#8221;off&#8221; button_bg_color__hover_enabled=&#8221;off&#8221; button_one_bg_color__hover_enabled=&#8221;off&#8221; button_two_bg_color__hover_enabled=&#8221;off&#8221;][\/et_pb_contact_field][et_pb_contact_field field_id=&#8221;Message&#8221; field_title=&#8221;Wiadomo\u015b\u0107&#8221; field_type=&#8221;text&#8221; fullwidth_field=&#8221;on&#8221; _builder_version=&#8221;3.16&#8243; border_radii=&#8221;on||||&#8221; button_text_size__hover_enabled=&#8221;off&#8221; button_one_text_size__hover_enabled=&#8221;off&#8221; button_two_text_size__hover_enabled=&#8221;off&#8221; button_text_color__hover_enabled=&#8221;off&#8221; button_one_text_color__hover_enabled=&#8221;off&#8221; button_two_text_color__hover_enabled=&#8221;off&#8221; button_border_width__hover_enabled=&#8221;off&#8221; button_one_border_width__hover_enabled=&#8221;off&#8221; button_two_border_width__hover_enabled=&#8221;off&#8221; button_border_color__hover_enabled=&#8221;off&#8221; button_one_border_color__hover_enabled=&#8221;off&#8221; button_two_border_color__hover_enabled=&#8221;off&#8221; button_border_radius__hover_enabled=&#8221;off&#8221; button_one_border_radius__hover_enabled=&#8221;off&#8221; button_two_border_radius__hover_enabled=&#8221;off&#8221; button_letter_spacing__hover_enabled=&#8221;off&#8221; button_one_letter_spacing__hover_enabled=&#8221;off&#8221; button_two_letter_spacing__hover_enabled=&#8221;off&#8221; button_bg_color__hover_enabled=&#8221;off&#8221; button_one_bg_color__hover_enabled=&#8221;off&#8221; button_two_bg_color__hover_enabled=&#8221;off&#8221;][\/et_pb_contact_field][et_pb_contact_field field_id=&#8221;Field_4&#8243; field_title=&#8221;telefon do kontaktu:&#8221; fullwidth_field=&#8221;on&#8221; _builder_version=&#8221;3.25.4&#8243;][\/et_pb_contact_field][\/et_pb_contact_form][\/et_pb_column][\/et_pb_row][\/et_pb_section]<\/p>\n","protected":false},"excerpt":{"rendered":"<p>[et_pb_section fb_built=&#8221;1&#8243; admin_label=&#8221;section&#8221; _builder_version=&#8221;3.22.3&#8243;][et_pb_row custom_padding=&#8221;||0px|||&#8221; admin_label=&#8221;row&#8221; _builder_version=&#8221;3.25.4&#8243; background_size=&#8221;initial&#8221; background_position=&#8221;top_left&#8221; background_repeat=&#8221;repeat&#8221; min_height=&#8221;1532px&#8221;][et_pb_column type=&#8221;4_4&#8243; _builder_version=&#8221;3.25&#8243; custom_padding=&#8221;|||&#8221; custom_padding__hover=&#8221;|||&#8221;][et_pb_text admin_label=&#8221;Tekst&#8221; _builder_version=&#8221;3.25.4&#8243; background_size=&#8221;initial&#8221; background_position=&#8221;top_left&#8221; background_repeat=&#8221;repeat&#8221; custom_padding=&#8221;||17px|||&#8221; use_border_color=&#8221;off&#8221; border_color=&#8221;#ffffff&#8221; border_style=&#8221;solid&#8221; inline_fonts=&#8221;raleway&#8221;] Kwidzyn &#8211; Smodlibowskiej 4 [\/et_pb_text][et_pb_image src=&#8221;https:\/\/www.solgrud.pl\/new\/wp-content\/uploads\/2025\/04\/VIZ-01-FRONT-04-scaled.jpg&#8221; align=&#8221;center&#8221; _builder_version=&#8221;3.25.4&#8243; box_shadow_style=&#8221;preset1&#8243; filter_saturate=&#8221;102%&#8221; filter_brightness=&#8221;105%&#8221; filter_contrast=&#8221;108%&#8221; filter_invert=&#8221;1%&#8221; filter_sepia=&#8221;1%&#8221;][\/et_pb_image][et_pb_code _builder_version=&#8221;3.25.4&#8243; filter_saturate=&#8221;0%&#8221; filter_brightness=&#8221;98%&#8221; filter_contrast=&#8221;85%&#8221; hover_transition_speed_curve=&#8221;ease-in-out&#8221;][\/et_pb_code][et_pb_text admin_label=&#8221;Tekst&#8221; _builder_version=&#8221;3.25.4&#8243; background_size=&#8221;initial&#8221; background_position=&#8221;top_left&#8221; background_repeat=&#8221;repeat&#8221; custom_padding=&#8221;||17px|||&#8221; use_border_color=&#8221;off&#8221; border_color=&#8221;#ffffff&#8221; border_style=&#8221;solid&#8221; inline_fonts=&#8221;raleway,Georgia&#8221;] Miejsce [&hellip;]<\/p>\n","protected":false},"author":4,"featured_media":0,"parent":0,"menu_order":0,"comment_status":"closed","ping_status":"closed","template":"","meta":{"_et_pb_use_builder":"on","_et_pb_old_content":"","footnotes":""},"aioseo_notices":[],"_links":{"self":[{"href":"https:\/\/www.solgrud.pl\/new\/wp-json\/wp\/v2\/pages\/28575"}],"collection":[{"href":"https:\/\/www.solgrud.pl\/new\/wp-json\/wp\/v2\/pages"}],"about":[{"href":"https:\/\/www.solgrud.pl\/new\/wp-json\/wp\/v2\/types\/page"}],"author":[{"embeddable":true,"href":"https:\/\/www.solgrud.pl\/new\/wp-json\/wp\/v2\/users\/4"}],"replies":[{"embeddable":true,"href":"https:\/\/www.solgrud.pl\/new\/wp-json\/wp\/v2\/comments?post=28575"}],"version-history":[{"count":75,"href":"https:\/\/www.solgrud.pl\/new\/wp-json\/wp\/v2\/pages\/28575\/revisions"}],"predecessor-version":[{"id":32105,"href":"https:\/\/www.solgrud.pl\/new\/wp-json\/wp\/v2\/pages\/28575\/revisions\/32105"}],"wp:attachment":[{"href":"https:\/\/www.solgrud.pl\/new\/wp-json\/wp\/v2\/media?parent=28575"}],"curies":[{"name":"wp","href":"https:\/\/api.w.org\/{rel}","templated":true}]}}