{"id":29783,"date":"2022-06-28T07:43:37","date_gmt":"2022-06-28T05:43:37","guid":{"rendered":"http:\/\/www.solgrud.pl\/new\/?page_id=29783"},"modified":"2026-04-03T14:33:48","modified_gmt":"2026-04-03T12:33:48","slug":"rozanowicza","status":"publish","type":"page","link":"https:\/\/www.solgrud.pl\/new\/rozanowicza\/","title":{"rendered":"Ro\u017canowicza 33"},"content":{"rendered":"<p>[et_pb_section fb_built=&#8221;1&#8243; admin_label=&#8221;section&#8221; _builder_version=&#8221;3.22.3&#8243;][et_pb_row custom_margin=&#8221;4px|auto||auto||&#8221; _builder_version=&#8221;3.25.4&#8243;][et_pb_column type=&#8221;4_4&#8243; _builder_version=&#8221;3.25.4&#8243;][et_pb_text _builder_version=&#8221;3.25.4&#8243; custom_padding=&#8221;1px||10px|||&#8221; inline_fonts=&#8221;raleway&#8221;]<\/p>\n<h4 style=\"text-align: center;\"><span style=\"font-family: raleway; font-weight: normal;\">Ro\u017canowicza 33<\/span><\/h4>\n<p>[\/et_pb_text][et_pb_image src=&#8221;https:\/\/www.solgrud.pl\/new\/wp-content\/uploads\/2021\/08\/3-FIN-v2-5K-scaled.jpg&#8221; _builder_version=&#8221;3.25.4&#8243;][\/et_pb_image][\/et_pb_column][\/et_pb_row][et_pb_row _builder_version=&#8221;3.25.4&#8243; module_alignment=&#8221;center&#8221; filter_saturate=&#8221;2%&#8221;][et_pb_column type=&#8221;4_4&#8243; _builder_version=&#8221;3.25.4&#8243;][et_pb_code _builder_version=&#8221;3.25.4&#8243;][table \u201c3\u201d not found \/]<br \/>\n[\/et_pb_code][et_pb_text _builder_version=&#8221;3.25.4&#8243; inline_fonts=&#8221;raleway&#8221;]<\/p>\n<h1 style=\"text-align: center;\"><span style=\"color: #333333; font-family: raleway; font-weight: normal; font-size: large;\">Cena za miejsce postojowe w podziemnej hali gara\u017cowej 35 750,00 z\u0142.<\/span><\/h1>\n<h1 style=\"text-align: center;\"><span style=\"color: #333333; font-family: raleway; font-weight: normal; font-size: large;\">Cena za miejsce postojowe do korzystania na zasadzie wy\u0142\u0105czno\u015bci <\/span><\/h1>\n<h6 style=\"text-align: center;\"><span style=\"color: #333333; font-family: raleway; font-weight: normal; font-size: large;\">na parkingu zewn\u0119trznym 17 216,00 z\u0142 + VAT.<\/span><\/h6>\n<h6 style=\"text-align: center;\">*cena ofertowa nie uleg\u0142a zmianie od pocz\u0105tku sprzeda\u017cy<\/h6>\n<p>[\/et_pb_text][\/et_pb_column][\/et_pb_row][et_pb_row column_structure=&#8221;1_2,1_2&#8243; custom_margin=&#8221;4px|auto||auto||&#8221; _builder_version=&#8221;3.25.4&#8243;][et_pb_column type=&#8221;1_2&#8243; _builder_version=&#8221;3.25.4&#8243;][et_pb_image src=&#8221;https:\/\/www.solgrud.pl\/new\/wp-content\/uploads\/2025\/05\/PZT-R35-_page-0001-scaled.jpg&#8221; url=&#8221;https:\/\/www.solgrud.pl\/new\/wp-content\/uploads\/2025\/05\/PZT-R35-_page-0001-scaled.jpg&#8221; align=&#8221;center&#8221; _builder_version=&#8221;3.25.4&#8243; min_height=&#8221;457px&#8221; max_height=&#8221;453px&#8221;][\/et_pb_image][\/et_pb_column][et_pb_column type=&#8221;1_2&#8243; _builder_version=&#8221;3.25.4&#8243;][et_pb_code _builder_version=&#8221;3.25.4&#8243; custom_margin=&#8221;||-24px|||&#8221;]<iframe loading=\"lazy\" style=\"border: 0;\" src=\"https:\/\/www.google.com\/maps\/embed?pb=!1m18!1m12!1m3!1d2973.1889061927595!2d18.72378496696196!3d53.449226848994286!2m3!1f0!2f0!3f0!3m2!1i1024!2i768!4f13.1!3m3!1m2!1s0x4702d05cb1ef2ddd%3A0x47ddbd235c31eeb7!2sKsawerego%20Froelicha%2C%2086-300%20Grudzi%C4%85dz!5e1!3m2!1spl!2spl!4v1656394673240!5m2!1spl!2spl\" width=\"600\" height=\"450\" allowfullscreen=\"allowfullscreen\"><\/iframe>[\/et_pb_code][\/et_pb_column][\/et_pb_row][et_pb_row _builder_version=&#8221;3.25.4&#8243;][et_pb_column type=&#8221;4_4&#8243; _builder_version=&#8221;3.25.4&#8243;][et_pb_contact_form title=&#8221;Formularz kontaktowy&#8221; _builder_version=&#8221;3.25.4&#8243;][et_pb_contact_field field_id=&#8221;Name&#8221; field_title=&#8221;Nazwa&#8221; _builder_version=&#8221;3.16&#8243; border_radii=&#8221;on||||&#8221; button_text_size__hover_enabled=&#8221;off&#8221; button_one_text_size__hover_enabled=&#8221;off&#8221; button_two_text_size__hover_enabled=&#8221;off&#8221; button_text_color__hover_enabled=&#8221;off&#8221; button_one_text_color__hover_enabled=&#8221;off&#8221; button_two_text_color__hover_enabled=&#8221;off&#8221; button_border_width__hover_enabled=&#8221;off&#8221; button_one_border_width__hover_enabled=&#8221;off&#8221; button_two_border_width__hover_enabled=&#8221;off&#8221; button_border_color__hover_enabled=&#8221;off&#8221; button_one_border_color__hover_enabled=&#8221;off&#8221; button_two_border_color__hover_enabled=&#8221;off&#8221; button_border_radius__hover_enabled=&#8221;off&#8221; button_one_border_radius__hover_enabled=&#8221;off&#8221; button_two_border_radius__hover_enabled=&#8221;off&#8221; button_letter_spacing__hover_enabled=&#8221;off&#8221; button_one_letter_spacing__hover_enabled=&#8221;off&#8221; button_two_letter_spacing__hover_enabled=&#8221;off&#8221; button_bg_color__hover_enabled=&#8221;off&#8221; button_one_bg_color__hover_enabled=&#8221;off&#8221; button_two_bg_color__hover_enabled=&#8221;off&#8221;][\/et_pb_contact_field][et_pb_contact_field field_id=&#8221;Email&#8221; field_title=&#8221;Adres e-mail&#8221; field_type=&#8221;email&#8221; _builder_version=&#8221;3.25.4&#8243; border_radii=&#8221;on||||&#8221; button_text_size__hover_enabled=&#8221;off&#8221; button_one_text_size__hover_enabled=&#8221;off&#8221; button_two_text_size__hover_enabled=&#8221;off&#8221; button_text_color__hover_enabled=&#8221;off&#8221; button_one_text_color__hover_enabled=&#8221;off&#8221; button_two_text_color__hover_enabled=&#8221;off&#8221; button_border_width__hover_enabled=&#8221;off&#8221; button_one_border_width__hover_enabled=&#8221;off&#8221; button_two_border_width__hover_enabled=&#8221;off&#8221; button_border_color__hover_enabled=&#8221;off&#8221; button_one_border_color__hover_enabled=&#8221;off&#8221; button_two_border_color__hover_enabled=&#8221;off&#8221; button_border_radius__hover_enabled=&#8221;off&#8221; button_one_border_radius__hover_enabled=&#8221;off&#8221; button_two_border_radius__hover_enabled=&#8221;off&#8221; button_letter_spacing__hover_enabled=&#8221;off&#8221; button_one_letter_spacing__hover_enabled=&#8221;off&#8221; button_two_letter_spacing__hover_enabled=&#8221;off&#8221; button_bg_color__hover_enabled=&#8221;off&#8221; button_one_bg_color__hover_enabled=&#8221;off&#8221; button_two_bg_color__hover_enabled=&#8221;off&#8221;][\/et_pb_contact_field][et_pb_contact_field field_id=&#8221;Message&#8221; field_title=&#8221;Wiadomo\u015b\u0107&#8221; field_type=&#8221;text&#8221; fullwidth_field=&#8221;on&#8221; _builder_version=&#8221;3.16&#8243; border_radii=&#8221;on||||&#8221; button_text_size__hover_enabled=&#8221;off&#8221; button_one_text_size__hover_enabled=&#8221;off&#8221; button_two_text_size__hover_enabled=&#8221;off&#8221; button_text_color__hover_enabled=&#8221;off&#8221; button_one_text_color__hover_enabled=&#8221;off&#8221; button_two_text_color__hover_enabled=&#8221;off&#8221; button_border_width__hover_enabled=&#8221;off&#8221; button_one_border_width__hover_enabled=&#8221;off&#8221; button_two_border_width__hover_enabled=&#8221;off&#8221; button_border_color__hover_enabled=&#8221;off&#8221; button_one_border_color__hover_enabled=&#8221;off&#8221; button_two_border_color__hover_enabled=&#8221;off&#8221; button_border_radius__hover_enabled=&#8221;off&#8221; button_one_border_radius__hover_enabled=&#8221;off&#8221; button_two_border_radius__hover_enabled=&#8221;off&#8221; button_letter_spacing__hover_enabled=&#8221;off&#8221; button_one_letter_spacing__hover_enabled=&#8221;off&#8221; button_two_letter_spacing__hover_enabled=&#8221;off&#8221; button_bg_color__hover_enabled=&#8221;off&#8221; button_one_bg_color__hover_enabled=&#8221;off&#8221; button_two_bg_color__hover_enabled=&#8221;off&#8221;][\/et_pb_contact_field][et_pb_contact_field field_id=&#8221;Field_4&#8243; field_title=&#8221;telefon do kontaktu:&#8221; fullwidth_field=&#8221;on&#8221; _builder_version=&#8221;3.25.4&#8243;][\/et_pb_contact_field][\/et_pb_contact_form][\/et_pb_column][\/et_pb_row][\/et_pb_section]<\/p>\n","protected":false},"excerpt":{"rendered":"<p>[et_pb_section fb_built=&#8221;1&#8243; admin_label=&#8221;section&#8221; _builder_version=&#8221;3.22.3&#8243;][et_pb_row custom_margin=&#8221;4px|auto||auto||&#8221; _builder_version=&#8221;3.25.4&#8243;][et_pb_column type=&#8221;4_4&#8243; _builder_version=&#8221;3.25.4&#8243;][et_pb_text _builder_version=&#8221;3.25.4&#8243; custom_padding=&#8221;1px||10px|||&#8221; inline_fonts=&#8221;raleway&#8221;] Ro\u017canowicza 33 [\/et_pb_text][et_pb_image src=&#8221;https:\/\/www.solgrud.pl\/new\/wp-content\/uploads\/2021\/08\/3-FIN-v2-5K-scaled.jpg&#8221; _builder_version=&#8221;3.25.4&#8243;][\/et_pb_image][\/et_pb_column][\/et_pb_row][et_pb_row _builder_version=&#8221;3.25.4&#8243; module_alignment=&#8221;center&#8221; filter_saturate=&#8221;2%&#8221;][et_pb_column type=&#8221;4_4&#8243; _builder_version=&#8221;3.25.4&#8243;][et_pb_code _builder_version=&#8221;3.25.4&#8243;][\/et_pb_code][et_pb_text _builder_version=&#8221;3.25.4&#8243; inline_fonts=&#8221;raleway&#8221;] Cena za miejsce postojowe w podziemnej hali gara\u017cowej 35 750,00 z\u0142. Cena za miejsce postojowe do korzystania na zasadzie wy\u0142\u0105czno\u015bci na parkingu zewn\u0119trznym 17 216,00 z\u0142 + VAT. *cena ofertowa nie [&hellip;]<\/p>\n","protected":false},"author":4,"featured_media":0,"parent":0,"menu_order":0,"comment_status":"closed","ping_status":"closed","template":"","meta":{"_et_pb_use_builder":"on","_et_pb_old_content":"","footnotes":""},"aioseo_notices":[],"_links":{"self":[{"href":"https:\/\/www.solgrud.pl\/new\/wp-json\/wp\/v2\/pages\/29783"}],"collection":[{"href":"https:\/\/www.solgrud.pl\/new\/wp-json\/wp\/v2\/pages"}],"about":[{"href":"https:\/\/www.solgrud.pl\/new\/wp-json\/wp\/v2\/types\/page"}],"author":[{"embeddable":true,"href":"https:\/\/www.solgrud.pl\/new\/wp-json\/wp\/v2\/users\/4"}],"replies":[{"embeddable":true,"href":"https:\/\/www.solgrud.pl\/new\/wp-json\/wp\/v2\/comments?post=29783"}],"version-history":[{"count":19,"href":"https:\/\/www.solgrud.pl\/new\/wp-json\/wp\/v2\/pages\/29783\/revisions"}],"predecessor-version":[{"id":32106,"href":"https:\/\/www.solgrud.pl\/new\/wp-json\/wp\/v2\/pages\/29783\/revisions\/32106"}],"wp:attachment":[{"href":"https:\/\/www.solgrud.pl\/new\/wp-json\/wp\/v2\/media?parent=29783"}],"curies":[{"name":"wp","href":"https:\/\/api.w.org\/{rel}","templated":true}]}}