{"id":31257,"date":"2024-12-10T14:16:13","date_gmt":"2024-12-10T13:16:13","guid":{"rendered":"https:\/\/www.solgrud.pl\/new\/?page_id=31257"},"modified":"2024-12-12T11:59:49","modified_gmt":"2024-12-12T10:59:49","slug":"droga-olchowa-4","status":"publish","type":"page","link":"https:\/\/www.solgrud.pl\/new\/droga-olchowa-4\/","title":{"rendered":"Droga Olchowa 4"},"content":{"rendered":"<p>[et_pb_section fb_built=&#8221;1&#8243; admin_label=&#8221;section&#8221; _builder_version=&#8221;3.22.3&#8243; min_height=&#8221;1217.8px&#8221; custom_margin=&#8221;-83px|||||&#8221; custom_padding=&#8221;16px|||||&#8221;][et_pb_row custom_padding=&#8221;0px|||||&#8221; custom_margin=&#8221;4px|auto||auto||&#8221; _builder_version=&#8221;3.25.4&#8243;][et_pb_column type=&#8221;4_4&#8243; _builder_version=&#8221;3.25.4&#8243;][et_pb_text _builder_version=&#8221;3.25.4&#8243; custom_padding=&#8221;6px||10px|||&#8221; inline_fonts=&#8221;futura light&#8221;]<\/p>\n<h4 style=\"text-align: center;\"><span style=\"font-weight: normal; font-size: large; font-family: inherit;\"><span style=\"font-size: xx-large;\">Sikorskiego 24<\/span>\u00a0<\/span><\/h4>\n<p>[\/et_pb_text][\/et_pb_column][\/et_pb_row][et_pb_row custom_margin=&#8221;|519px||auto||&#8221; _builder_version=&#8221;3.25.4&#8243; width=&#8221;77.2%&#8221; module_alignment=&#8221;center&#8221; min_height=&#8221;89.8px&#8221;][et_pb_column type=&#8221;4_4&#8243; _builder_version=&#8221;3.25.4&#8243;][et_pb_text _builder_version=&#8221;3.25.4&#8243; background_color=&#8221;#f0b800&#8243; min_height=&#8221;29px&#8221; custom_margin=&#8221;16px|||||&#8221; custom_padding=&#8221;2px||8px|||&#8221;]<\/p>\n<p style=\"text-align: center;\"><span style=\"font-size: 29px;\"><\/span><\/p>\n<p style=\"text-align: center;\"><span style=\"font-size: 29px;\">Dzier\u017cawa powierzchni produkcyjnych\/magazynowych i powierzchni biurowych.<\/span><\/p>\n<p>[\/et_pb_text][\/et_pb_column][\/et_pb_row][et_pb_row column_structure=&#8221;1_3,1_3,1_3&#8243; custom_margin=&#8221;|519px|-34px|auto||&#8221; _builder_version=&#8221;3.25.4&#8243; background_color=&#8221;#d6d6d6&#8243; module_alignment=&#8221;center&#8221; min_height=&#8221;534.5px&#8221;][et_pb_column type=&#8221;1_3&#8243; _builder_version=&#8221;3.25.4&#8243;][et_pb_gallery gallery_ids=&#8221;31253,31252,31254&#8243; fullwidth=&#8221;on&#8221; _builder_version=&#8221;3.25.4&#8243; custom_margin=&#8221;|||5px||&#8221;][\/et_pb_gallery][\/et_pb_column][et_pb_column type=&#8221;1_3&#8243; _builder_version=&#8221;3.25.4&#8243;][et_pb_gallery gallery_ids=&#8221;31256,31255&#8243; show_title_and_caption=&#8221;off&#8221; show_pagination=&#8221;off&#8221; _builder_version=&#8221;3.25.4&#8243;][\/et_pb_gallery][\/et_pb_column][et_pb_column type=&#8221;1_3&#8243; _builder_version=&#8221;3.25.4&#8243;][et_pb_text _builder_version=&#8221;3.25.4&#8243;]<\/p>\n<p style=\"text-align: center;\"><strong>Hala produkcyjno\/magazynowa<\/strong><\/p>\n<p style=\"text-align: center;\"><strong>Powierzchnia: 488 m2<\/strong><\/p>\n<p style=\"text-align: center;\"><strong>12 000,00 z\u0142\/m-c netto<\/strong><\/p>\n<p style=\"text-align: center;\"><strong><\/strong><\/p>\n<ul>\n<li><span>obiekt o wymiarach 36 m x 12 m + wn\u0119ka 14 m x 4 m;<\/span><\/li>\n<li><span>wysoko\u015b\u0107 7 m\/okap, 8,5 m\/kalenica;<\/span><\/li>\n<li><span>wrota stalowe o wymiarach 4,0 m x 4,5 m &#8211; umo\u017cliwiaj\u0105 wjazd na hal\u0119 samochodem ci\u0119\u017carowym;<\/span><\/li>\n<li><span>hala wyposa\u017cona w suwnic\u0119 o ud\u017awigu 5 T na podtorzu przebiegaj\u0105cym po ca\u0142ej d\u0142ugo\u015bci obiektu;<\/span><\/li>\n<li><span>hala posiada o\u015bwietlenie Led oraz mo\u017cliwo\u015b\u0107 ogrzewania poprzez promienniki gazowe;<\/span><\/li>\n<li><span>w otoczeniu obiektu mo\u017cliwo\u015b\u0107 wynaj\u0119cia pomieszcze\u0144 biurowych i plac\u00f3w sk\u0142adowych;<\/span><\/li>\n<li><span>ca\u0142y teren ogrodzony i strze\u017cony 24h;<\/span><\/li>\n<\/ul>\n<p>[\/et_pb_text][\/et_pb_column][\/et_pb_row][et_pb_row column_structure=&#8221;1_2,1_2&#8243; custom_padding=&#8221;44px|||||&#8221; custom_margin=&#8221;60px|519px||auto||&#8221; _builder_version=&#8221;3.25.4&#8243; background_color=&#8221;#d6d6d6&#8243; module_alignment=&#8221;center&#8221; min_height=&#8221;322.4px&#8221;][et_pb_column type=&#8221;1_2&#8243; _builder_version=&#8221;3.25.4&#8243;][et_pb_gallery gallery_ids=&#8221;31276,31275&#8243; show_title_and_caption=&#8221;off&#8221; show_pagination=&#8221;off&#8221; _builder_version=&#8221;3.25.4&#8243;][\/et_pb_gallery][\/et_pb_column][et_pb_column type=&#8221;1_2&#8243; _builder_version=&#8221;3.25.4&#8243;][et_pb_text _builder_version=&#8221;3.25.4&#8243;]<\/p>\n<p style=\"text-align: center;\"><strong>Pomieszczenia biurowe<\/strong><\/p>\n<p style=\"text-align: center;\"><strong>Powierzchnia: od 13 m2 do 30 m2<\/strong><\/p>\n<p style=\"text-align: center;\"><b>39,00 z\u0142\/ m2 netto\u00a0<\/b><\/p>\n<p style=\"text-align: center;\"><strong><\/strong><\/p>\n<ul>\n<li><span>pomieszczenia biurowe z dost\u0119pem do pomieszcze\u0144 sanitarnych<\/span><\/li>\n<li>obiekt ogrzewany centraln\u0105 instalacja grzewcz\u0105<\/li>\n<li>w otoczeniu obiektu mo\u017cliwo\u015b\u0107 wynaj\u0119cia plac\u00f3w sk\u0142adowych;<\/li>\n<li><span>ca\u0142y teren ogrodzony i strze\u017cony 24h;<\/span><\/li>\n<\/ul>\n<p>[\/et_pb_text][\/et_pb_column][\/et_pb_row][et_pb_row custom_margin=&#8221;4px|auto||auto||&#8221; _builder_version=&#8221;3.25.4&#8243;][et_pb_column type=&#8221;4_4&#8243; _builder_version=&#8221;3.25.4&#8243;][et_pb_code _builder_version=&#8221;3.25.4&#8243; text_orientation=&#8221;center&#8221; custom_margin=&#8221;||0px|||&#8221;]<iframe src=\"https:\/\/www.google.com\/maps\/embed?pb=!1m18!1m12!1m3!1d879.6674456312086!2d18.728588719050975!3d53.43318206112054!2m3!1f0!2f0!3f0!3m2!1i1024!2i768!4f13.1!3m3!1m2!1s0x4702d0f97baeecfb%3A0x5236e7b611e2156!2sDroga%20Olchowa%204%2C%2086-300%20Grudzi%C4%85dz!5e1!3m2!1spl!2spl!4v1733838319865!5m2!1spl!2spl\" width=\"600\" height=\"450\" style=\"border:0;\" allowfullscreen=\"\" loading=\"lazy\" referrerpolicy=\"no-referrer-when-downgrade\"><\/iframe>[\/et_pb_code][\/et_pb_column][\/et_pb_row][et_pb_row _builder_version=&#8221;3.25.4&#8243; module_alignment=&#8221;center&#8221;][et_pb_column type=&#8221;4_4&#8243; _builder_version=&#8221;3.25.4&#8243;][et_pb_contact_form title=&#8221;Formularz kontaktowy&#8221; _builder_version=&#8221;3.25.4&#8243;][et_pb_contact_field field_id=&#8221;Name&#8221; field_title=&#8221;Nazwa&#8221; _builder_version=&#8221;3.16&#8243; border_radii=&#8221;on||||&#8221; button_text_size__hover_enabled=&#8221;off&#8221; button_one_text_size__hover_enabled=&#8221;off&#8221; button_two_text_size__hover_enabled=&#8221;off&#8221; button_text_color__hover_enabled=&#8221;off&#8221; button_one_text_color__hover_enabled=&#8221;off&#8221; button_two_text_color__hover_enabled=&#8221;off&#8221; button_border_width__hover_enabled=&#8221;off&#8221; button_one_border_width__hover_enabled=&#8221;off&#8221; button_two_border_width__hover_enabled=&#8221;off&#8221; button_border_color__hover_enabled=&#8221;off&#8221; button_one_border_color__hover_enabled=&#8221;off&#8221; button_two_border_color__hover_enabled=&#8221;off&#8221; button_border_radius__hover_enabled=&#8221;off&#8221; button_one_border_radius__hover_enabled=&#8221;off&#8221; button_two_border_radius__hover_enabled=&#8221;off&#8221; button_letter_spacing__hover_enabled=&#8221;off&#8221; button_one_letter_spacing__hover_enabled=&#8221;off&#8221; button_two_letter_spacing__hover_enabled=&#8221;off&#8221; button_bg_color__hover_enabled=&#8221;off&#8221; button_one_bg_color__hover_enabled=&#8221;off&#8221; button_two_bg_color__hover_enabled=&#8221;off&#8221;][\/et_pb_contact_field][et_pb_contact_field field_id=&#8221;Email&#8221; field_title=&#8221;Adres e-mail&#8221; field_type=&#8221;email&#8221; _builder_version=&#8221;3.25.4&#8243; border_radii=&#8221;on||||&#8221; button_text_size__hover_enabled=&#8221;off&#8221; button_one_text_size__hover_enabled=&#8221;off&#8221; button_two_text_size__hover_enabled=&#8221;off&#8221; button_text_color__hover_enabled=&#8221;off&#8221; button_one_text_color__hover_enabled=&#8221;off&#8221; button_two_text_color__hover_enabled=&#8221;off&#8221; button_border_width__hover_enabled=&#8221;off&#8221; button_one_border_width__hover_enabled=&#8221;off&#8221; button_two_border_width__hover_enabled=&#8221;off&#8221; button_border_color__hover_enabled=&#8221;off&#8221; button_one_border_color__hover_enabled=&#8221;off&#8221; button_two_border_color__hover_enabled=&#8221;off&#8221; button_border_radius__hover_enabled=&#8221;off&#8221; button_one_border_radius__hover_enabled=&#8221;off&#8221; button_two_border_radius__hover_enabled=&#8221;off&#8221; button_letter_spacing__hover_enabled=&#8221;off&#8221; button_one_letter_spacing__hover_enabled=&#8221;off&#8221; button_two_letter_spacing__hover_enabled=&#8221;off&#8221; button_bg_color__hover_enabled=&#8221;off&#8221; button_one_bg_color__hover_enabled=&#8221;off&#8221; button_two_bg_color__hover_enabled=&#8221;off&#8221;][\/et_pb_contact_field][et_pb_contact_field field_id=&#8221;Message&#8221; field_title=&#8221;Wiadomo\u015b\u0107&#8221; field_type=&#8221;text&#8221; fullwidth_field=&#8221;on&#8221; _builder_version=&#8221;3.16&#8243; border_radii=&#8221;on||||&#8221; button_text_size__hover_enabled=&#8221;off&#8221; button_one_text_size__hover_enabled=&#8221;off&#8221; button_two_text_size__hover_enabled=&#8221;off&#8221; button_text_color__hover_enabled=&#8221;off&#8221; button_one_text_color__hover_enabled=&#8221;off&#8221; button_two_text_color__hover_enabled=&#8221;off&#8221; button_border_width__hover_enabled=&#8221;off&#8221; button_one_border_width__hover_enabled=&#8221;off&#8221; button_two_border_width__hover_enabled=&#8221;off&#8221; button_border_color__hover_enabled=&#8221;off&#8221; button_one_border_color__hover_enabled=&#8221;off&#8221; button_two_border_color__hover_enabled=&#8221;off&#8221; button_border_radius__hover_enabled=&#8221;off&#8221; button_one_border_radius__hover_enabled=&#8221;off&#8221; button_two_border_radius__hover_enabled=&#8221;off&#8221; button_letter_spacing__hover_enabled=&#8221;off&#8221; button_one_letter_spacing__hover_enabled=&#8221;off&#8221; button_two_letter_spacing__hover_enabled=&#8221;off&#8221; button_bg_color__hover_enabled=&#8221;off&#8221; button_one_bg_color__hover_enabled=&#8221;off&#8221; button_two_bg_color__hover_enabled=&#8221;off&#8221;][\/et_pb_contact_field][et_pb_contact_field field_id=&#8221;Field_4&#8243; field_title=&#8221;telefon do kontaktu:&#8221; fullwidth_field=&#8221;on&#8221; _builder_version=&#8221;3.25.4&#8243;][\/et_pb_contact_field][\/et_pb_contact_form][\/et_pb_column][\/et_pb_row][\/et_pb_section]<\/p>\n","protected":false},"excerpt":{"rendered":"<p>[et_pb_section fb_built=&#8221;1&#8243; admin_label=&#8221;section&#8221; _builder_version=&#8221;3.22.3&#8243; min_height=&#8221;1217.8px&#8221; custom_margin=&#8221;-83px|||||&#8221; custom_padding=&#8221;16px|||||&#8221;][et_pb_row custom_padding=&#8221;0px|||||&#8221; custom_margin=&#8221;4px|auto||auto||&#8221; _builder_version=&#8221;3.25.4&#8243;][et_pb_column type=&#8221;4_4&#8243; _builder_version=&#8221;3.25.4&#8243;][et_pb_text _builder_version=&#8221;3.25.4&#8243; custom_padding=&#8221;6px||10px|||&#8221; inline_fonts=&#8221;futura light&#8221;] Sikorskiego 24\u00a0 [\/et_pb_text][\/et_pb_column][\/et_pb_row][et_pb_row custom_margin=&#8221;|519px||auto||&#8221; _builder_version=&#8221;3.25.4&#8243; width=&#8221;77.2%&#8221; module_alignment=&#8221;center&#8221; min_height=&#8221;89.8px&#8221;][et_pb_column type=&#8221;4_4&#8243; _builder_version=&#8221;3.25.4&#8243;][et_pb_text _builder_version=&#8221;3.25.4&#8243; background_color=&#8221;#f0b800&#8243; min_height=&#8221;29px&#8221; custom_margin=&#8221;16px|||||&#8221; custom_padding=&#8221;2px||8px|||&#8221;] Dzier\u017cawa powierzchni produkcyjnych\/magazynowych i powierzchni biurowych. [\/et_pb_text][\/et_pb_column][\/et_pb_row][et_pb_row column_structure=&#8221;1_3,1_3,1_3&#8243; custom_margin=&#8221;|519px|-34px|auto||&#8221; _builder_version=&#8221;3.25.4&#8243; background_color=&#8221;#d6d6d6&#8243; module_alignment=&#8221;center&#8221; min_height=&#8221;534.5px&#8221;][et_pb_column type=&#8221;1_3&#8243; _builder_version=&#8221;3.25.4&#8243;][et_pb_gallery gallery_ids=&#8221;31253,31252,31254&#8243; fullwidth=&#8221;on&#8221; _builder_version=&#8221;3.25.4&#8243; custom_margin=&#8221;|||5px||&#8221;][\/et_pb_gallery][\/et_pb_column][et_pb_column type=&#8221;1_3&#8243; _builder_version=&#8221;3.25.4&#8243;][et_pb_gallery gallery_ids=&#8221;31256,31255&#8243; show_title_and_caption=&#8221;off&#8221; show_pagination=&#8221;off&#8221; [&hellip;]<\/p>\n","protected":false},"author":4,"featured_media":0,"parent":0,"menu_order":0,"comment_status":"closed","ping_status":"closed","template":"","meta":{"_et_pb_use_builder":"on","_et_pb_old_content":"","footnotes":""},"aioseo_notices":[],"_links":{"self":[{"href":"https:\/\/www.solgrud.pl\/new\/wp-json\/wp\/v2\/pages\/31257"}],"collection":[{"href":"https:\/\/www.solgrud.pl\/new\/wp-json\/wp\/v2\/pages"}],"about":[{"href":"https:\/\/www.solgrud.pl\/new\/wp-json\/wp\/v2\/types\/page"}],"author":[{"embeddable":true,"href":"https:\/\/www.solgrud.pl\/new\/wp-json\/wp\/v2\/users\/4"}],"replies":[{"embeddable":true,"href":"https:\/\/www.solgrud.pl\/new\/wp-json\/wp\/v2\/comments?post=31257"}],"version-history":[{"count":23,"href":"https:\/\/www.solgrud.pl\/new\/wp-json\/wp\/v2\/pages\/31257\/revisions"}],"predecessor-version":[{"id":31291,"href":"https:\/\/www.solgrud.pl\/new\/wp-json\/wp\/v2\/pages\/31257\/revisions\/31291"}],"wp:attachment":[{"href":"https:\/\/www.solgrud.pl\/new\/wp-json\/wp\/v2\/media?parent=31257"}],"curies":[{"name":"wp","href":"https:\/\/api.w.org\/{rel}","templated":true}]}}