{"id":31440,"date":"2025-04-18T11:34:15","date_gmt":"2025-04-18T09:34:15","guid":{"rendered":"https:\/\/www.solgrud.pl\/new\/?page_id=31440"},"modified":"2026-04-03T14:34:06","modified_gmt":"2026-04-03T12:34:06","slug":"rozanowicza-35","status":"publish","type":"page","link":"https:\/\/www.solgrud.pl\/new\/rozanowicza-35\/","title":{"rendered":"Ro\u017canowicza 35"},"content":{"rendered":"<p>[et_pb_section fb_built=&#8221;1&#8243; admin_label=&#8221;section&#8221; _builder_version=&#8221;3.22.3&#8243;][et_pb_row custom_margin=&#8221;4px|auto||auto||&#8221; _builder_version=&#8221;3.25.4&#8243;][et_pb_column type=&#8221;4_4&#8243; _builder_version=&#8221;3.25.4&#8243;][et_pb_text _builder_version=&#8221;3.25.4&#8243; custom_padding=&#8221;1px||10px|||&#8221; inline_fonts=&#8221;raleway&#8221;]<\/p>\n<h4 style=\"text-align: center;\"><span style=\"font-family: raleway; font-weight: normal;\">Ro\u017canowicza 35<\/span><\/h4>\n<p>[\/et_pb_text][et_pb_image src=&#8221;https:\/\/www.solgrud.pl\/new\/wp-content\/uploads\/2021\/08\/3-FIN-v2-5K-scaled.jpg&#8221; _builder_version=&#8221;3.25.4&#8243;][\/et_pb_image][\/et_pb_column][\/et_pb_row][et_pb_row _builder_version=&#8221;3.25.4&#8243; module_alignment=&#8221;center&#8221; filter_saturate=&#8221;2%&#8221;][et_pb_column type=&#8221;4_4&#8243; _builder_version=&#8221;3.25.4&#8243;][et_pb_code _builder_version=&#8221;3.25.4&#8243;]\n<table id=\"tablepress-6\" class=\"tablepress tablepress-id-6\">\n<thead>\n<tr class=\"row-1\">\n\t<th class=\"column-1\">Nr klatki<\/th><th class=\"column-2\">Nr lokalu<\/th><th class=\"column-3\">kondygnacja<\/th><th class=\"column-4\">Powierzchnia u\u017cytkowa<\/th><th class=\"column-5\">Cena za 1 m<sup>2<\/sup><\/th><th class=\"column-6\">Cena<\/th><th class=\"column-7\">Status<\/th><th class=\"column-8\">Karta<\/th>\n<\/tr>\n<\/thead>\n<tbody class=\"row-hover\">\n<tr class=\"row-2\">\n\t<td class=\"column-1\">1<\/td><td class=\"column-2\">1<\/td><td class=\"column-3\">parter<\/td><td class=\"column-4\">73.79 m<sup>2<\/sup>+ ogr\u00f3dek<\/td><td class=\"column-5\">7 770 z\u0142<\/td><td class=\"column-6\">573 348.30 z\u0142<\/td><td class=\"column-7\">dost\u0119pne *<\/td><td class=\"column-8\"><a href=\"https:\/\/www.solgrud.pl\/new\/wp-content\/uploads\/2025\/05\/M01.pdf\">M01<\/a><\/td>\n<\/tr>\n<tr class=\"row-3\">\n\t<td class=\"column-1\">1<\/td><td class=\"column-2\">2<\/td><td class=\"column-3\">parter<\/td><td class=\"column-4\">58.17 m<sup>2<\/sup>+ ogr\u00f3dek<\/td><td class=\"column-5\">8 400 z\u0142<\/td><td class=\"column-6\">488 628.00 z\u0142<\/td><td class=\"column-7\">dost\u0119pne *<\/td><td class=\"column-8\"><a href=\"https:\/\/www.solgrud.pl\/new\/wp-content\/uploads\/2025\/05\/M02.pdf\">M02<\/a><\/td>\n<\/tr>\n<tr class=\"row-4\">\n\t<td class=\"column-1\">1<\/td><td class=\"column-2\">3<\/td><td class=\"column-3\">parter<\/td><td class=\"column-4\">56.86 m<sup>2<\/sup>+ ogr\u00f3dek<\/td><td class=\"column-5\">8 100 z\u0142<\/td><td class=\"column-6\">460 566.00 z\u0142<\/td><td class=\"column-7\">REZERWACJA *<\/td><td class=\"column-8\"><a href=\"https:\/\/www.solgrud.pl\/new\/wp-content\/uploads\/2025\/05\/M03.pdf\">M03<\/a><\/td>\n<\/tr>\n<tr class=\"row-5\">\n\t<td class=\"column-1\">1<\/td><td class=\"column-2\">4<\/td><td class=\"column-3\">I pi\u0119tro<\/td><td class=\"column-4\">73.70 m<sup>2<\/sup><\/td><td class=\"column-5\">7 550 z\u0142<\/td><td class=\"column-6\">556 435.00 z\u0142<\/td><td class=\"column-7\">REZERWACJA *<\/td><td class=\"column-8\"><a href=\"https:\/\/www.solgrud.pl\/new\/wp-content\/uploads\/2025\/05\/M04.pdf\">M04<\/a><\/td>\n<\/tr>\n<tr class=\"row-6\">\n\t<td class=\"column-1\">1<\/td><td class=\"column-2\">5<\/td><td class=\"column-3\">I pi\u0119tro<\/td><td class=\"column-4\">57.93 m<sup>2<\/sup><\/td><td class=\"column-5\">7 850 z\u0142<\/td><td class=\"column-6\">454 750.50 z\u0142<\/td><td class=\"column-7\">dost\u0119pne *<\/td><td class=\"column-8\"><a href=\"https:\/\/www.solgrud.pl\/new\/wp-content\/uploads\/2025\/05\/M05.pdf\">M05<\/a><\/td>\n<\/tr>\n<tr class=\"row-7\">\n\t<td class=\"column-1\">1<\/td><td class=\"column-2\">6<\/td><td class=\"column-3\">I pi\u0119tro<\/td><td class=\"column-4\">67.77 m<sup>2<\/sup><\/td><td class=\"column-5\">7 550 z\u0142<\/td><td class=\"column-6\">511 663.50 z\u0142<\/td><td class=\"column-7\">dost\u0119pne *<\/td><td class=\"column-8\"><a href=\"https:\/\/www.solgrud.pl\/new\/wp-content\/uploads\/2025\/08\/M06-1.pdf\">M06<\/a><\/td>\n<\/tr>\n<tr class=\"row-8\">\n\t<td class=\"column-1\">1<\/td><td class=\"column-2\">7<\/td><td class=\"column-3\">II pi\u0119tro<\/td><td class=\"column-4\">73.50 m<sup>2<\/sup><\/td><td class=\"column-5\">7 550 z\u0142<\/td><td class=\"column-6\">554 925.00 z\u0142<\/td><td class=\"column-7\">dost\u0119pne *<\/td><td class=\"column-8\"><a href=\"https:\/\/www.solgrud.pl\/new\/wp-content\/uploads\/2025\/05\/M07.pdf\">M07<\/a><\/td>\n<\/tr>\n<tr class=\"row-9\">\n\t<td class=\"column-1\">1<\/td><td class=\"column-2\">8<\/td><td class=\"column-3\">II pi\u0119tro<\/td><td class=\"column-4\">57.68 m<sup>2<\/sup><\/td><td class=\"column-5\">7 850 z\u0142<\/td><td class=\"column-6\">452 788.00 z\u0142<\/td><td class=\"column-7\">dost\u0119pne *<\/td><td class=\"column-8\"><a href=\"https:\/\/www.solgrud.pl\/new\/wp-content\/uploads\/2025\/05\/M08.pdf\">M08<\/a><\/td>\n<\/tr>\n<tr class=\"row-10\">\n\t<td class=\"column-1\">1<\/td><td class=\"column-2\">9<\/td><td class=\"column-3\">II pi\u0119tro<\/td><td class=\"column-4\">67.65 m<sup>2<\/sup><\/td><td class=\"column-5\">7 550 z\u0142 <\/td><td class=\"column-6\">510 757.50 z\u0142<\/td><td class=\"column-7\">dost\u0119pne *<\/td><td class=\"column-8\"><a href=\"https:\/\/www.solgrud.pl\/new\/wp-content\/uploads\/2025\/08\/M09.pdf\">M09<\/a><\/td>\n<\/tr>\n<tr class=\"row-11\">\n\t<td class=\"column-1\">1<\/td><td class=\"column-2\">10<\/td><td class=\"column-3\">III pi\u0119tro<\/td><td class=\"column-4\">73.40 m<sup>2<\/sup><\/td><td class=\"column-5\">7 550 z\u0142<\/td><td class=\"column-6\">554 170.00 z\u0142<\/td><td class=\"column-7\">REZERWACJA *<\/td><td class=\"column-8\"><a href=\"https:\/\/www.solgrud.pl\/new\/wp-content\/uploads\/2025\/05\/M10.pdf\">M10<\/a><\/td>\n<\/tr>\n<tr class=\"row-12\">\n\t<td class=\"column-1\">1<\/td><td class=\"column-2\">11<\/td><td class=\"column-3\">III pi\u0119tro<\/td><td class=\"column-4\">57.68 m<sup>2<\/sup><\/td><td class=\"column-5\">7 850 z\u0142<\/td><td class=\"column-6\">452 788.00 z\u0142<\/td><td class=\"column-7\">dost\u0119pne *<\/td><td class=\"column-8\"><a href=\"https:\/\/www.solgrud.pl\/new\/wp-content\/uploads\/2025\/05\/M11.pdf\">M11<\/a><\/td>\n<\/tr>\n<tr class=\"row-13\">\n\t<td class=\"column-1\">1<\/td><td class=\"column-2\">12<\/td><td class=\"column-3\">III pi\u0119tro<\/td><td class=\"column-4\">67.54 m<sup>2<\/sup><\/td><td class=\"column-5\">7 550 z\u0142<\/td><td class=\"column-6\">509 927.00 z\u0142<\/td><td class=\"column-7\">REZERWACJA *<\/td><td class=\"column-8\"><a href=\"https:\/\/www.solgrud.pl\/new\/wp-content\/uploads\/2025\/08\/M12-1.pdf\">M12<\/a><\/td>\n<\/tr>\n<tr class=\"row-14\">\n\t<td class=\"column-1\">1<\/td><td class=\"column-2\">13<\/td><td class=\"column-3\">IV pi\u0119tro<\/td><td class=\"column-4\">-<\/td><td class=\"column-5\">-<\/td><td class=\"column-6\">-<\/td><td class=\"column-7\">SPRZEDANE *<\/td><td class=\"column-8\">-<\/td>\n<\/tr>\n<tr class=\"row-15\">\n\t<td class=\"column-1\">1<\/td><td class=\"column-2\">14<\/td><td class=\"column-3\">IV pi\u0119tro<\/td><td class=\"column-4\">57.68 m<sup>2<\/sup><\/td><td class=\"column-5\">7 850 z\u0142<\/td><td class=\"column-6\">452 788.00 z\u0142<\/td><td class=\"column-7\">dost\u0119pne *<\/td><td class=\"column-8\"><a href=\"https:\/\/www.solgrud.pl\/new\/wp-content\/uploads\/2025\/05\/M14.pdf\">M14<\/a><\/td>\n<\/tr>\n<tr class=\"row-16\">\n\t<td class=\"column-1\">1<\/td><td class=\"column-2\">15<\/td><td class=\"column-3\">IV pi\u0119tro<\/td><td class=\"column-4\">67.54 m<sup>2<\/sup><\/td><td class=\"column-5\">7 550 z\u0142<\/td><td class=\"column-6\">509 927.00 z\u0142<\/td><td class=\"column-7\">dost\u0119pne *<\/td><td class=\"column-8\"><a href=\"https:\/\/www.solgrud.pl\/new\/wp-content\/uploads\/2025\/08\/M15-1.pdf\">M15<\/a><\/td>\n<\/tr>\n<tr class=\"row-17\">\n\t<td class=\"column-1\">2<\/td><td class=\"column-2\">16<\/td><td class=\"column-3\">parter<\/td><td class=\"column-4\">58.37 m<sup>2<\/sup>+ ogr\u00f3dek<\/td><td class=\"column-5\">8 100 z\u0142<\/td><td class=\"column-6\">472 797.00 z\u0142<\/td><td class=\"column-7\">REZERWACJA *<\/td><td class=\"column-8\"><a href=\"https:\/\/www.solgrud.pl\/new\/wp-content\/uploads\/2025\/05\/M16.pdf\">M16<\/a><\/td>\n<\/tr>\n<tr class=\"row-18\">\n\t<td class=\"column-1\">2<\/td><td class=\"column-2\">17<\/td><td class=\"column-3\">parter<\/td><td class=\"column-4\">-<\/td><td class=\"column-5\">-<\/td><td class=\"column-6\">-<\/td><td class=\"column-7\">SPRZEDANE *<\/td><td class=\"column-8\">-<\/td>\n<\/tr>\n<tr class=\"row-19\">\n\t<td class=\"column-1\">2<\/td><td class=\"column-2\">18<\/td><td class=\"column-3\">parter<\/td><td class=\"column-4\">63.46 m<sup>2<\/sup>+ ogr\u00f3dek<\/td><td class=\"column-5\">7 850 z\u0142<\/td><td class=\"column-6\">498 161.00 z\u0142<\/td><td class=\"column-7\">REZERWACJA *<\/td><td class=\"column-8\"><a href=\"https:\/\/www.solgrud.pl\/new\/wp-content\/uploads\/2025\/05\/M18.pdf\">M18<\/a><\/td>\n<\/tr>\n<tr class=\"row-20\">\n\t<td class=\"column-1\">2<\/td><td class=\"column-2\">19<\/td><td class=\"column-3\">I pi\u0119tro<\/td><td class=\"column-4\">69.29 m<sup>2<\/sup><\/td><td class=\"column-5\">7 550 z\u0142<\/td><td class=\"column-6\">523 139.50 z\u0142<\/td><td class=\"column-7\">dost\u0119pne *<\/td><td class=\"column-8\"><a href=\"https:\/\/www.solgrud.pl\/new\/wp-content\/uploads\/2025\/08\/M19-1.pdf\">M19<\/a><\/td>\n<\/tr>\n<tr class=\"row-21\">\n\t<td class=\"column-1\">2<\/td><td class=\"column-2\">20<\/td><td class=\"column-3\">I pi\u0119tro<\/td><td class=\"column-4\">42.12 m<sup>2<\/sup><\/td><td class=\"column-5\">8 100 z\u0142<\/td><td class=\"column-6\">341 172.00 z\u0142<\/td><td class=\"column-7\">REZERWACJA *<\/td><td class=\"column-8\"><a href=\"https:\/\/www.solgrud.pl\/new\/wp-content\/uploads\/2025\/05\/M20.pdf\">M20<\/a><\/td>\n<\/tr>\n<tr class=\"row-22\">\n\t<td class=\"column-1\">2<\/td><td class=\"column-2\">21<\/td><td class=\"column-3\">I pi\u0119tro<\/td><td class=\"column-4\">63.37 m<sup>2<\/sup><\/td><td class=\"column-5\">7 550 z\u0142<\/td><td class=\"column-6\">478 443.50 z\u0142<\/td><td class=\"column-7\">dost\u0119pne *<\/td><td class=\"column-8\"><a href=\"https:\/\/www.solgrud.pl\/new\/wp-content\/uploads\/2025\/05\/M21.pdf\">M21<\/a><\/td>\n<\/tr>\n<tr class=\"row-23\">\n\t<td class=\"column-1\">2<\/td><td class=\"column-2\">22<\/td><td class=\"column-3\">II pi\u0119tro<\/td><td class=\"column-4\"><\/td><td class=\"column-5\"><\/td><td class=\"column-6\"><\/td><td class=\"column-7\">SPRZEDANE *<\/td><td class=\"column-8\"><\/td>\n<\/tr>\n<tr class=\"row-24\">\n\t<td class=\"column-1\">2<\/td><td class=\"column-2\">23<\/td><td class=\"column-3\">II pi\u0119tro<\/td><td class=\"column-4\">-<\/td><td class=\"column-5\">-<\/td><td class=\"column-6\">-<\/td><td class=\"column-7\">SPRZEDANE *<\/td><td class=\"column-8\">-<\/td>\n<\/tr>\n<tr class=\"row-25\">\n\t<td class=\"column-1\">2<\/td><td class=\"column-2\">24<\/td><td class=\"column-3\">II pi\u0119tro<\/td><td class=\"column-4\">-<\/td><td class=\"column-5\">-<\/td><td class=\"column-6\">-<\/td><td class=\"column-7\">SPRZEDANE *<\/td><td class=\"column-8\">-<\/td>\n<\/tr>\n<tr class=\"row-26\">\n\t<td class=\"column-1\">2<\/td><td class=\"column-2\">25<\/td><td class=\"column-3\">III pi\u0119tro<\/td><td class=\"column-4\">-<\/td><td class=\"column-5\">-<\/td><td class=\"column-6\">-<\/td><td class=\"column-7\">SPRZEDANE *<\/td><td class=\"column-8\">-<\/td>\n<\/tr>\n<tr class=\"row-27\">\n\t<td class=\"column-1\">2<\/td><td class=\"column-2\">26<\/td><td class=\"column-3\">III pi\u0119tro<\/td><td class=\"column-4\">41.76 m<sup>2<\/sup><\/td><td class=\"column-5\">8 100 z\u0142<\/td><td class=\"column-6\">338 256.00 z\u0142<\/td><td class=\"column-7\">REZERWACJA *<\/td><td class=\"column-8\"><a href=\"https:\/\/www.solgrud.pl\/new\/wp-content\/uploads\/2025\/05\/M26.pdf\">M26<\/a><\/td>\n<\/tr>\n<tr class=\"row-28\">\n\t<td class=\"column-1\">2<\/td><td class=\"column-2\">27<\/td><td class=\"column-3\">III pi\u0119tro<\/td><td class=\"column-4\">63.04 m<sup>2<\/sup><\/td><td class=\"column-5\">7 550 z\u0142<\/td><td class=\"column-6\">475 952.00 z\u0142<\/td><td class=\"column-7\">REZERWACJA *<\/td><td class=\"column-8\"><a href=\"https:\/\/www.solgrud.pl\/new\/wp-content\/uploads\/2025\/05\/M27.pdf\">M27<\/a><\/td>\n<\/tr>\n<tr class=\"row-29\">\n\t<td class=\"column-1\">2<\/td><td class=\"column-2\">28<\/td><td class=\"column-3\">IV pi\u0119tro<\/td><td class=\"column-4\">68.95 m<sup>2<\/sup><\/td><td class=\"column-5\">7 550 z\u0142<\/td><td class=\"column-6\">520 572.50 z\u0142<\/td><td class=\"column-7\">dost\u0119pne *<\/td><td class=\"column-8\"><a href=\"https:\/\/www.solgrud.pl\/new\/wp-content\/uploads\/2025\/08\/M28-1.pdf\">M28<\/a><\/td>\n<\/tr>\n<tr class=\"row-30\">\n\t<td class=\"column-1\">2<\/td><td class=\"column-2\">29<\/td><td class=\"column-3\">IV pi\u0119tro<\/td><td class=\"column-4\">-<\/td><td class=\"column-5\">-<\/td><td class=\"column-6\">-<\/td><td class=\"column-7\">SPRZEDANE *<\/td><td class=\"column-8\">-<\/td>\n<\/tr>\n<tr class=\"row-31\">\n\t<td class=\"column-1\">2<\/td><td class=\"column-2\">30<\/td><td class=\"column-3\">IV pi\u0119tro<\/td><td class=\"column-4\">62.89 m<sup>2<\/sup><\/td><td class=\"column-5\">7 550 z\u0142<\/td><td class=\"column-6\">474 819.50 z\u0142<\/td><td class=\"column-7\">dost\u0119pne *<\/td><td class=\"column-8\"><a href=\"https:\/\/www.solgrud.pl\/new\/wp-content\/uploads\/2025\/05\/M30.pdf\">M30<\/a><\/td>\n<\/tr>\n<\/tbody>\n<\/table>\n<!-- #tablepress-6 from cache -->[\/et_pb_code][et_pb_text _builder_version=&#8221;3.25.4&#8243; inline_fonts=&#8221;raleway&#8221;]<\/p>\n<h1 style=\"text-align: center;\"><span style=\"color: #333333; font-family: raleway; font-weight: normal; font-size: large;\">Cena za miejsce postojowe w podziemnej hali gara\u017cowej 39 300 z\u0142.<\/span><\/h1>\n<h1 style=\"text-align: center;\"><span style=\"color: #333333; font-family: raleway; font-weight: normal; font-size: large;\">Cena za miejsce postojowe do korzystania na zasadzie wy\u0142\u0105czno\u015bci <\/span><\/h1>\n<h1 style=\"text-align: center;\"><span style=\"color: #333333; font-family: raleway; font-weight: normal; font-size: large;\">na parkingu zewn\u0119trznym 18 600 z\u0142<\/span><\/h1>\n<h6 style=\"text-align: center;\">*cena ofertowa nie uleg\u0142a zmianie od pocz\u0105tku rozpocz\u0119cia sprzeda\u017cy<\/h6>\n<p>[\/et_pb_text][et_pb_button button_text=&#8221;Prospekt informacyjny&#8221; _builder_version=&#8221;3.25.4&#8243; button_url=&#8221;https:\/\/www.solgrud.pl\/new\/wp-content\/uploads\/2025\/09\/10.-Prospekt-informacyjny-02062025_Rozanowicza.pdf&#8221;][\/et_pb_button][\/et_pb_column][\/et_pb_row][et_pb_row column_structure=&#8221;1_2,1_2&#8243; custom_margin=&#8221;4px|auto||auto||&#8221; _builder_version=&#8221;3.25.4&#8243;][et_pb_column type=&#8221;1_2&#8243; _builder_version=&#8221;3.25.4&#8243;][et_pb_image src=&#8221;https:\/\/www.solgrud.pl\/new\/wp-content\/uploads\/2025\/05\/PZT-R35-_page-0001-scaled.jpg&#8221; url=&#8221;https:\/\/www.solgrud.pl\/new\/wp-content\/uploads\/2025\/05\/PZT-R35-_page-0001-scaled.jpg&#8221; align=&#8221;center&#8221; _builder_version=&#8221;3.25.4&#8243; max_width=&#8221;81%&#8221; module_alignment=&#8221;center&#8221; height=&#8221;470px&#8221; filter_saturate=&#8221;89%&#8221; filter_brightness=&#8221;101%&#8221; filter_opacity=&#8221;77%&#8221;][\/et_pb_image][\/et_pb_column][et_pb_column type=&#8221;1_2&#8243; _builder_version=&#8221;3.25.4&#8243;][et_pb_code _builder_version=&#8221;3.25.4&#8243; custom_margin=&#8221;||-24px|||&#8221;]<iframe loading=\"lazy\" style=\"border: 0;\" src=\"https:\/\/www.google.com\/maps\/embed?pb=!1m18!1m12!1m3!1d2973.1889061927595!2d18.72378496696196!3d53.449226848994286!2m3!1f0!2f0!3f0!3m2!1i1024!2i768!4f13.1!3m3!1m2!1s0x4702d05cb1ef2ddd%3A0x47ddbd235c31eeb7!2sKsawerego%20Froelicha%2C%2086-300%20Grudzi%C4%85dz!5e1!3m2!1spl!2spl!4v1656394673240!5m2!1spl!2spl\" width=\"600\" height=\"450\" allowfullscreen=\"allowfullscreen\"><\/iframe>[\/et_pb_code][\/et_pb_column][\/et_pb_row][et_pb_row _builder_version=&#8221;3.25.4&#8243;][et_pb_column type=&#8221;4_4&#8243; _builder_version=&#8221;3.25.4&#8243;][et_pb_contact_form title=&#8221;Formularz kontaktowy&#8221; _builder_version=&#8221;3.25.4&#8243;][et_pb_contact_field field_id=&#8221;Name&#8221; field_title=&#8221;Nazwa&#8221; _builder_version=&#8221;3.16&#8243; border_radii=&#8221;on||||&#8221; button_text_size__hover_enabled=&#8221;off&#8221; button_one_text_size__hover_enabled=&#8221;off&#8221; button_two_text_size__hover_enabled=&#8221;off&#8221; button_text_color__hover_enabled=&#8221;off&#8221; button_one_text_color__hover_enabled=&#8221;off&#8221; button_two_text_color__hover_enabled=&#8221;off&#8221; button_border_width__hover_enabled=&#8221;off&#8221; button_one_border_width__hover_enabled=&#8221;off&#8221; button_two_border_width__hover_enabled=&#8221;off&#8221; button_border_color__hover_enabled=&#8221;off&#8221; button_one_border_color__hover_enabled=&#8221;off&#8221; button_two_border_color__hover_enabled=&#8221;off&#8221; button_border_radius__hover_enabled=&#8221;off&#8221; button_one_border_radius__hover_enabled=&#8221;off&#8221; button_two_border_radius__hover_enabled=&#8221;off&#8221; button_letter_spacing__hover_enabled=&#8221;off&#8221; button_one_letter_spacing__hover_enabled=&#8221;off&#8221; button_two_letter_spacing__hover_enabled=&#8221;off&#8221; button_bg_color__hover_enabled=&#8221;off&#8221; button_one_bg_color__hover_enabled=&#8221;off&#8221; button_two_bg_color__hover_enabled=&#8221;off&#8221;][\/et_pb_contact_field][et_pb_contact_field field_id=&#8221;Email&#8221; field_title=&#8221;Adres e-mail&#8221; field_type=&#8221;email&#8221; _builder_version=&#8221;3.25.4&#8243; border_radii=&#8221;on||||&#8221; button_text_size__hover_enabled=&#8221;off&#8221; button_one_text_size__hover_enabled=&#8221;off&#8221; button_two_text_size__hover_enabled=&#8221;off&#8221; button_text_color__hover_enabled=&#8221;off&#8221; button_one_text_color__hover_enabled=&#8221;off&#8221; button_two_text_color__hover_enabled=&#8221;off&#8221; button_border_width__hover_enabled=&#8221;off&#8221; button_one_border_width__hover_enabled=&#8221;off&#8221; button_two_border_width__hover_enabled=&#8221;off&#8221; button_border_color__hover_enabled=&#8221;off&#8221; button_one_border_color__hover_enabled=&#8221;off&#8221; button_two_border_color__hover_enabled=&#8221;off&#8221; button_border_radius__hover_enabled=&#8221;off&#8221; button_one_border_radius__hover_enabled=&#8221;off&#8221; button_two_border_radius__hover_enabled=&#8221;off&#8221; button_letter_spacing__hover_enabled=&#8221;off&#8221; button_one_letter_spacing__hover_enabled=&#8221;off&#8221; button_two_letter_spacing__hover_enabled=&#8221;off&#8221; button_bg_color__hover_enabled=&#8221;off&#8221; button_one_bg_color__hover_enabled=&#8221;off&#8221; button_two_bg_color__hover_enabled=&#8221;off&#8221;][\/et_pb_contact_field][et_pb_contact_field field_id=&#8221;Message&#8221; field_title=&#8221;Wiadomo\u015b\u0107&#8221; field_type=&#8221;text&#8221; fullwidth_field=&#8221;on&#8221; _builder_version=&#8221;3.16&#8243; border_radii=&#8221;on||||&#8221; button_text_size__hover_enabled=&#8221;off&#8221; button_one_text_size__hover_enabled=&#8221;off&#8221; button_two_text_size__hover_enabled=&#8221;off&#8221; button_text_color__hover_enabled=&#8221;off&#8221; button_one_text_color__hover_enabled=&#8221;off&#8221; button_two_text_color__hover_enabled=&#8221;off&#8221; button_border_width__hover_enabled=&#8221;off&#8221; button_one_border_width__hover_enabled=&#8221;off&#8221; button_two_border_width__hover_enabled=&#8221;off&#8221; button_border_color__hover_enabled=&#8221;off&#8221; button_one_border_color__hover_enabled=&#8221;off&#8221; button_two_border_color__hover_enabled=&#8221;off&#8221; button_border_radius__hover_enabled=&#8221;off&#8221; button_one_border_radius__hover_enabled=&#8221;off&#8221; button_two_border_radius__hover_enabled=&#8221;off&#8221; button_letter_spacing__hover_enabled=&#8221;off&#8221; button_one_letter_spacing__hover_enabled=&#8221;off&#8221; button_two_letter_spacing__hover_enabled=&#8221;off&#8221; button_bg_color__hover_enabled=&#8221;off&#8221; button_one_bg_color__hover_enabled=&#8221;off&#8221; button_two_bg_color__hover_enabled=&#8221;off&#8221;][\/et_pb_contact_field][et_pb_contact_field field_id=&#8221;Field_4&#8243; field_title=&#8221;telefon do kontaktu:&#8221; fullwidth_field=&#8221;on&#8221; _builder_version=&#8221;3.25.4&#8243;][\/et_pb_contact_field][\/et_pb_contact_form][\/et_pb_column][\/et_pb_row][\/et_pb_section]<\/p>\n","protected":false},"excerpt":{"rendered":"<p>[et_pb_section fb_built=&#8221;1&#8243; admin_label=&#8221;section&#8221; _builder_version=&#8221;3.22.3&#8243;][et_pb_row custom_margin=&#8221;4px|auto||auto||&#8221; _builder_version=&#8221;3.25.4&#8243;][et_pb_column type=&#8221;4_4&#8243; _builder_version=&#8221;3.25.4&#8243;][et_pb_text _builder_version=&#8221;3.25.4&#8243; custom_padding=&#8221;1px||10px|||&#8221; inline_fonts=&#8221;raleway&#8221;] Ro\u017canowicza 35 [\/et_pb_text][et_pb_image src=&#8221;https:\/\/www.solgrud.pl\/new\/wp-content\/uploads\/2021\/08\/3-FIN-v2-5K-scaled.jpg&#8221; _builder_version=&#8221;3.25.4&#8243;][\/et_pb_image][\/et_pb_column][\/et_pb_row][et_pb_row _builder_version=&#8221;3.25.4&#8243; module_alignment=&#8221;center&#8221; filter_saturate=&#8221;2%&#8221;][et_pb_column type=&#8221;4_4&#8243; _builder_version=&#8221;3.25.4&#8243;][et_pb_code _builder_version=&#8221;3.25.4&#8243;][\/et_pb_code][et_pb_text _builder_version=&#8221;3.25.4&#8243; inline_fonts=&#8221;raleway&#8221;] Cena za miejsce postojowe w podziemnej hali gara\u017cowej 39 300 z\u0142. Cena za miejsce postojowe do korzystania na zasadzie wy\u0142\u0105czno\u015bci na parkingu zewn\u0119trznym 18 600 z\u0142 *cena ofertowa nie uleg\u0142a zmianie [&hellip;]<\/p>\n","protected":false},"author":4,"featured_media":0,"parent":0,"menu_order":0,"comment_status":"closed","ping_status":"closed","template":"","meta":{"_et_pb_use_builder":"on","_et_pb_old_content":"","footnotes":""},"aioseo_notices":[],"_links":{"self":[{"href":"https:\/\/www.solgrud.pl\/new\/wp-json\/wp\/v2\/pages\/31440"}],"collection":[{"href":"https:\/\/www.solgrud.pl\/new\/wp-json\/wp\/v2\/pages"}],"about":[{"href":"https:\/\/www.solgrud.pl\/new\/wp-json\/wp\/v2\/types\/page"}],"author":[{"embeddable":true,"href":"https:\/\/www.solgrud.pl\/new\/wp-json\/wp\/v2\/users\/4"}],"replies":[{"embeddable":true,"href":"https:\/\/www.solgrud.pl\/new\/wp-json\/wp\/v2\/comments?post=31440"}],"version-history":[{"count":10,"href":"https:\/\/www.solgrud.pl\/new\/wp-json\/wp\/v2\/pages\/31440\/revisions"}],"predecessor-version":[{"id":32107,"href":"https:\/\/www.solgrud.pl\/new\/wp-json\/wp\/v2\/pages\/31440\/revisions\/32107"}],"wp:attachment":[{"href":"https:\/\/www.solgrud.pl\/new\/wp-json\/wp\/v2\/media?parent=31440"}],"curies":[{"name":"wp","href":"https:\/\/api.w.org\/{rel}","templated":true}]}}