{"id":84,"date":"2020-07-24T09:48:48","date_gmt":"2020-07-24T07:48:48","guid":{"rendered":"http:\/\/www.solgrud.pl\/new\/?page_id=84"},"modified":"2021-10-13T07:51:53","modified_gmt":"2021-10-13T05:51:53","slug":"kontakt","status":"publish","type":"page","link":"https:\/\/www.solgrud.pl\/new\/kontakt\/","title":{"rendered":"Kontakt"},"content":{"rendered":"<p>[et_pb_section fb_built=&#8221;1&#8243; fullwidth=&#8221;on&#8221; custom_padding_last_edited=&#8221;on|desktop&#8221; admin_label=&#8221;25 lat do\u015bwiadczenia&#8221; _builder_version=&#8221;3.22.3&#8243; custom_padding_tablet=&#8221;50px|0|50px|0&#8243; transparent_background=&#8221;off&#8221; padding_mobile=&#8221;off&#8221; make_fullwidth=&#8221;off&#8221; use_custom_width=&#8221;off&#8221; width_unit=&#8221;on&#8221;][et_pb_fullwidth_header title=&#8221;Budujemy do\u015bwiadczenie od 1992 r. &#8221; text_orientation=&#8221;right&#8221; content_max_width=&#8221;none&#8221; admin_label=&#8221;Nag\u0142\u00f3wek pe\u0142nej szeroko\u015bci&#8221; _builder_version=&#8221;3.25.4&#8243; title_level=&#8221;h2&#8243; title_font=&#8221;||||||||&#8221; background_color=&#8221;#0c71c3&#8243; background_image=&#8221;https:\/\/www.solgrud.pl\/new\/wp-content\/uploads\/2020\/01\/DSC_0017-kopia.jpg&#8221; parallax=&#8221;on&#8221; parallax_method=&#8221;on&#8221; background_url=&#8221;https:\/\/www.solgrud.pl\/new\/wp-content\/uploads\/2017\/04\/a_1obraz-001.jpg&#8221; button_one_letter_spacing_hover=&#8221;0&#8243; button_two_letter_spacing_hover=&#8221;0&#8243; button_one_text_size__hover_enabled=&#8221;off&#8221; button_two_text_size__hover_enabled=&#8221;off&#8221; button_one_text_color__hover_enabled=&#8221;off&#8221; button_two_text_color__hover_enabled=&#8221;off&#8221; button_one_border_width__hover_enabled=&#8221;off&#8221; button_two_border_width__hover_enabled=&#8221;off&#8221; button_one_border_color__hover_enabled=&#8221;off&#8221; button_two_border_color__hover_enabled=&#8221;off&#8221; button_one_border_radius__hover_enabled=&#8221;off&#8221; button_two_border_radius__hover_enabled=&#8221;off&#8221; button_one_letter_spacing__hover_enabled=&#8221;on&#8221; button_one_letter_spacing__hover=&#8221;0&#8243; button_two_letter_spacing__hover_enabled=&#8221;on&#8221; button_two_letter_spacing__hover=&#8221;0&#8243; button_one_bg_color__hover_enabled=&#8221;off&#8221; button_two_bg_color__hover_enabled=&#8221;off&#8221;][\/et_pb_fullwidth_header][\/et_pb_section][et_pb_section fb_built=&#8221;1&#8243; custom_padding_last_edited=&#8221;on|desktop&#8221; admin_label=&#8221;section&#8221; _builder_version=&#8221;3.22.3&#8243; background_color=&#8221;#dbdbdb&#8221; custom_padding_tablet=&#8221;50px|0|50px|0&#8243; transparent_background=&#8221;off&#8221; padding_mobile=&#8221;off&#8221; make_fullwidth=&#8221;off&#8221; use_custom_width=&#8221;off&#8221; width_unit=&#8221;on&#8221;][et_pb_row admin_label=&#8221;Wiersz&#8221; _builder_version=&#8221;3.25&#8243; background_size=&#8221;initial&#8221; background_position=&#8221;top_left&#8221; background_repeat=&#8221;repeat&#8221;][et_pb_column type=&#8221;4_4&#8243; _builder_version=&#8221;3.25&#8243; custom_padding=&#8221;|||&#8221; custom_padding__hover=&#8221;|||&#8221;][et_pb_text admin_label=&#8221;Tekst&#8221; _builder_version=&#8221;3.0.87&#8243; background_size=&#8221;initial&#8221; background_position=&#8221;top_left&#8221; background_repeat=&#8221;repeat&#8221; use_border_color=&#8221;off&#8221; border_color=&#8221;#ffffff&#8221; border_style=&#8221;solid&#8221;]<\/p>\n<h1>Kontakt<\/h1>\n<p>[\/et_pb_text][\/et_pb_column][\/et_pb_row][et_pb_row column_structure=&#8221;1_3,1_3,1_3&#8243; admin_label=&#8221;Wiersz&#8221; _builder_version=&#8221;3.25.4&#8243; background_size=&#8221;initial&#8221; background_position=&#8221;top_left&#8221; background_repeat=&#8221;repeat&#8221;][et_pb_column type=&#8221;1_3&#8243; _builder_version=&#8221;3.25&#8243; custom_padding=&#8221;|||&#8221; custom_padding__hover=&#8221;|||&#8221;][et_pb_blurb image_max_width=&#8221;none&#8221; admin_label=&#8221;Notka&#8221; _builder_version=&#8221;3.25.4&#8243; background_size=&#8221;initial&#8221; background_position=&#8221;top_left&#8221; background_repeat=&#8221;repeat&#8221; use_border_color=&#8221;off&#8221; border_color=&#8221;#ffffff&#8221; border_style=&#8221;solid&#8221;]<\/p>\n<h6><strong>Budownictwo Og\u00f3lne<\/strong><\/h6>\n<p>ul. Olchowa 4<\/p>\n<p>86-300 Grudzi\u0105dz<\/p>\n<p>tel. +48 56 46 44 200<\/p>\n<p>fax. +48 56 46 10 125<\/p>\n<p>e-mail: <a href=\"mailto:biuro@solgrud.pl\">biuro@solgrud.pl<\/a><\/p>\n<p>[\/et_pb_blurb][\/et_pb_column][et_pb_column type=&#8221;1_3&#8243; _builder_version=&#8221;3.25&#8243; custom_padding=&#8221;|||&#8221; custom_padding__hover=&#8221;|||&#8221;][et_pb_blurb image_max_width=&#8221;none&#8221; admin_label=&#8221;Notka&#8221; _builder_version=&#8221;3.25.4&#8243; background_size=&#8221;initial&#8221; background_position=&#8221;top_left&#8221; background_repeat=&#8221;repeat&#8221; use_border_color=&#8221;off&#8221; border_color=&#8221;#ffffff&#8221; border_style=&#8221;solid&#8221;]<\/p>\n<h6><strong>Produkcja Stolarki Aluminiowej<\/strong><\/h6>\n<p>ul. Olchowa 4<\/p>\n<p>86-300 Grudzi\u0105dz<\/p>\n<p>tel. +48 56 46 24 309<\/p>\n<p>fax. +48 56 46 24 309<\/p>\n<p>e-mail: <a href=\"mailto:alu@solgrud.pl\">alu@solgrud.pl<\/a><\/p>\n<p>[\/et_pb_blurb][\/et_pb_column][et_pb_column type=&#8221;1_3&#8243; _builder_version=&#8221;3.25&#8243; custom_padding=&#8221;|||&#8221; custom_padding__hover=&#8221;|||&#8221;][et_pb_image src=&#8221;https:\/\/www.solgrud.pl\/new\/wp-content\/uploads\/2020\/05\/IMG_20200521_132158.jpg&#8221; show_bottom_space=&#8221;off&#8221; align=&#8221;center&#8221; align_tablet=&#8221;center&#8221; align_last_edited=&#8221;on|desktop&#8221; admin_label=&#8221;Obraz&#8221; _builder_version=&#8221;3.25.4&#8243; custom_margin=&#8221;||55px|||&#8221; animation_style=&#8221;slide&#8221; animation_direction=&#8221;left&#8221; animation_duration=&#8221;0ms&#8221; animation_intensity_slide=&#8221;0%&#8221; use_border_color=&#8221;off&#8221; border_color=&#8221;#ffffff&#8221; border_style=&#8221;solid&#8221; animation=&#8221;left&#8221; sticky=&#8221;off&#8221; always_center_on_mobile=&#8221;on&#8221;] [\/et_pb_image][\/et_pb_column][\/et_pb_row][et_pb_row admin_label=&#8221;Wiersz&#8221; _builder_version=&#8221;3.25&#8243; background_size=&#8221;initial&#8221; background_position=&#8221;top_left&#8221; background_repeat=&#8221;repeat&#8221;][et_pb_column type=&#8221;4_4&#8243; _builder_version=&#8221;3.25&#8243; custom_padding=&#8221;|||&#8221; custom_padding__hover=&#8221;|||&#8221;][et_pb_blurb image_max_width=&#8221;none&#8221; admin_label=&#8221;Notka&#8221; _builder_version=&#8221;3.0.87&#8243; background_size=&#8221;initial&#8221; background_position=&#8221;top_left&#8221; background_repeat=&#8221;repeat&#8221; use_border_color=&#8221;off&#8221; border_color=&#8221;#ffffff&#8221; border_style=&#8221;solid&#8221;]<strong>NIP:\u00a0<\/strong>876-010-31-06\u00a0<strong>REGON:\u00a0<\/strong>870035565 \u00a0<strong>KRS<\/strong> 0000047053 VII Wydzia\u0142 Gospodarczy KRS S\u0105du Rejonowego w Toruniu\u00a0<strong>Kapita\u0142 zak\u0142adowy sp\u00f3\u0142ki:<\/strong> 50 000 PLN<br \/>\n[\/et_pb_blurb][\/et_pb_column][\/et_pb_row][\/et_pb_section][et_pb_section fb_built=&#8221;1&#8243; fullwidth=&#8221;on&#8221; admin_label=&#8221;section&#8221; _builder_version=&#8221;3.22.3&#8243;][et_pb_fullwidth_code admin_label=&#8221;Kod w pe\u0142nej szeroko\u015bci&#8221;]<iframe loading=\"lazy\" src=\"https:\/\/www.google.com\/maps\/embed?pb=!1m18!1m12!1m3!1d2377.0221636747838!2d18.726003416162225!3d53.43231197999718!2m3!1f0!2f0!3f0!3m2!1i1024!2i768!4f13.1!3m3!1m2!1s0x4702d0fbd1aa981f%3A0x66f0038a7f3e447a!2sDroga+Olchowa+4%2C+86-302+Grudzi%C4%85dz!5e0!3m2!1spl!2spl!4v1492489781651\" width=\"100%\" height=\"400\" frameborder=\"0\" style=\"border:0\" allowfullscreen><\/iframe>[\/et_pb_fullwidth_code][\/et_pb_section]<\/p>\n","protected":false},"excerpt":{"rendered":"<p>[et_pb_section fb_built=&#8221;1&#8243; fullwidth=&#8221;on&#8221; custom_padding_last_edited=&#8221;on|desktop&#8221; admin_label=&#8221;25 lat do\u015bwiadczenia&#8221; _builder_version=&#8221;3.22.3&#8243; custom_padding_tablet=&#8221;50px|0|50px|0&#8243; transparent_background=&#8221;off&#8221; padding_mobile=&#8221;off&#8221; make_fullwidth=&#8221;off&#8221; use_custom_width=&#8221;off&#8221; width_unit=&#8221;on&#8221;][et_pb_fullwidth_header title=&#8221;Budujemy do\u015bwiadczenie od 1992 r. &#8221; text_orientation=&#8221;right&#8221; content_max_width=&#8221;none&#8221; admin_label=&#8221;Nag\u0142\u00f3wek pe\u0142nej szeroko\u015bci&#8221; _builder_version=&#8221;3.25.4&#8243; title_level=&#8221;h2&#8243; title_font=&#8221;||||||||&#8221; background_color=&#8221;#0c71c3&#8243; background_image=&#8221;https:\/\/www.solgrud.pl\/new\/wp-content\/uploads\/2020\/01\/DSC_0017-kopia.jpg&#8221; parallax=&#8221;on&#8221; parallax_method=&#8221;on&#8221; background_url=&#8221;https:\/\/www.solgrud.pl\/new\/wp-content\/uploads\/2017\/04\/a_1obraz-001.jpg&#8221; button_one_letter_spacing_hover=&#8221;0&#8243; button_two_letter_spacing_hover=&#8221;0&#8243; button_one_text_size__hover_enabled=&#8221;off&#8221; button_two_text_size__hover_enabled=&#8221;off&#8221; button_one_text_color__hover_enabled=&#8221;off&#8221; button_two_text_color__hover_enabled=&#8221;off&#8221; button_one_border_width__hover_enabled=&#8221;off&#8221; button_two_border_width__hover_enabled=&#8221;off&#8221; button_one_border_color__hover_enabled=&#8221;off&#8221; button_two_border_color__hover_enabled=&#8221;off&#8221; button_one_border_radius__hover_enabled=&#8221;off&#8221; button_two_border_radius__hover_enabled=&#8221;off&#8221; button_one_letter_spacing__hover_enabled=&#8221;on&#8221; button_one_letter_spacing__hover=&#8221;0&#8243; button_two_letter_spacing__hover_enabled=&#8221;on&#8221; button_two_letter_spacing__hover=&#8221;0&#8243; button_one_bg_color__hover_enabled=&#8221;off&#8221; button_two_bg_color__hover_enabled=&#8221;off&#8221;][\/et_pb_fullwidth_header][\/et_pb_section][et_pb_section fb_built=&#8221;1&#8243; custom_padding_last_edited=&#8221;on|desktop&#8221; admin_label=&#8221;section&#8221; _builder_version=&#8221;3.22.3&#8243; [&hellip;]<\/p>\n","protected":false},"author":4,"featured_media":0,"parent":0,"menu_order":0,"comment_status":"closed","ping_status":"closed","template":"","meta":{"_et_pb_use_builder":"on","_et_pb_old_content":"","footnotes":""},"aioseo_notices":[],"_links":{"self":[{"href":"https:\/\/www.solgrud.pl\/new\/wp-json\/wp\/v2\/pages\/84"}],"collection":[{"href":"https:\/\/www.solgrud.pl\/new\/wp-json\/wp\/v2\/pages"}],"about":[{"href":"https:\/\/www.solgrud.pl\/new\/wp-json\/wp\/v2\/types\/page"}],"author":[{"embeddable":true,"href":"https:\/\/www.solgrud.pl\/new\/wp-json\/wp\/v2\/users\/4"}],"replies":[{"embeddable":true,"href":"https:\/\/www.solgrud.pl\/new\/wp-json\/wp\/v2\/comments?post=84"}],"version-history":[{"count":40,"href":"https:\/\/www.solgrud.pl\/new\/wp-json\/wp\/v2\/pages\/84\/revisions"}],"predecessor-version":[{"id":28556,"href":"https:\/\/www.solgrud.pl\/new\/wp-json\/wp\/v2\/pages\/84\/revisions\/28556"}],"wp:attachment":[{"href":"https:\/\/www.solgrud.pl\/new\/wp-json\/wp\/v2\/media?parent=84"}],"curies":[{"name":"wp","href":"https:\/\/api.w.org\/{rel}","templated":true}]}}